{"id":138,"date":"2025-12-11T09:51:03","date_gmt":"2025-12-11T09:51:03","guid":{"rendered":"https:\/\/buragaleria.hu\/?page_id=138"},"modified":"2026-01-19T18:20:50","modified_gmt":"2026-01-19T18:20:50","slug":"lakatos-nikoletta","status":"publish","type":"page","link":"https:\/\/buragaleria.hu\/en\/kozosseg\/lakatos-nikoletta\/","title":{"rendered":"Lakatos Nikoletta"},"content":{"rendered":"<p>a KRMTE operat\u00edv vezet\u0151je. Szervezetfejleszt\u0151, coach \u00e9s projektmenedzser, jelenleg a MOME rektori hivatal vezet\u0151je, kor\u00e1bban a Hello Wood \u00e9p\u00edt\u00e9szeti st\u00fadi\u00f3 \u00e9s a DEMO &#8211; Design \u00e9s Eg\u00e9szs\u00e9g Modell gyerekprogram operat\u00edv vezet\u0151je. Az elm\u00falt 15 \u00e9vben sz\u00e1mos oktat\u00e1si, kreat\u00edv \u00e9s m\u0171v\u00e9szeti projektet vezetett a koncepci\u00f3 megalkot\u00e1s\u00e1t\u00f3l a megval\u00f3s\u00edt\u00e1sig bez\u00e1r\u00f3lag. Sz\u00e9lesk\u00f6r\u0171 tapasztalattal rendelkezik civil, m\u0171v\u00e9szeti int\u00e9zm\u00e9nyek szervezeti m\u0171k\u00f6d\u00e9se-, \u00f6nk\u00e9ntes koordin\u00e1ci\u00f3- \u00e9s fenntarthat\u00f3 k\u00f6z\u00f6ss\u00e9gi strukt\u00far\u00e1k kialak\u00edt\u00e1sa ter\u00e9n. A Bur\u00e1n bel\u00fcl l\u00e9trej\u00f6v\u0151 projektek operat\u00edv vezet\u0151je, a workshopok facilit\u00e1l\u00e1si m\u00f3dszertan megalkot\u00f3ja, valamint a workshopok etikai tartalmainak fel\u00fclvizsg\u00e1lat\u00e1\u00e9rt felel\u0151s.\u00a0<\/p>","protected":false},"excerpt":{"rendered":"<p>a KRMTE operat\u00edv vezet\u0151je. Szervezetfejleszt\u0151, coach \u00e9s projektmenedzser, jelenleg a MOME rektori hivatal vezet\u0151je, kor\u00e1bban a Hello Wood \u00e9p\u00edt\u00e9szeti st\u00fadi\u00f3 \u00e9s a DEMO &#8211; Design \u00e9s Eg\u00e9szs\u00e9g Modell gyerekprogram operat\u00edv vezet\u0151je. Az elm\u00falt 15 \u00e9vben sz\u00e1mos oktat\u00e1si, kreat\u00edv \u00e9s m\u0171v\u00e9szeti projektet vezetett a koncepci\u00f3 megalkot\u00e1s\u00e1t\u00f3l a megval\u00f3s\u00edt\u00e1sig bez\u00e1r\u00f3lag. Sz\u00e9lesk\u00f6r\u0171 tapasztalattal rendelkezik civil, m\u0171v\u00e9szeti int\u00e9zm\u00e9nyek szervezeti [&hellip;]<\/p>\n<p><a href=\"https:\/\/buragaleria.hu\/en\/kozosseg\/lakatos-nikoletta\/\" class=\"more\">see more<\/a><\/p>","protected":false},"author":1,"featured_media":140,"parent":17,"menu_order":0,"comment_status":"closed","ping_status":"closed","template":"page-crew.php","meta":{"_acf_changed":false,"footnotes":""},"class_list":["post-138","page","type-page","status-publish","has-post-thumbnail","hentry"],"acf":[],"yoast_head":"<!-- This site is optimized with the Yoast SEO Premium plugin v26.2 (Yoast SEO v26.5) - https:\/\/yoast.com\/wordpress\/plugins\/seo\/ -->\n<title>Lakatos Nikoletta - Bura Gal\u00e9ria<\/title>\n<meta name=\"description\" content=\"a KRMTE operat\u00edv vezet\u0151je. Szervezetfejleszt\u0151, coach \u00e9s projektmenedzser, jelenleg a MOME rektori hivatal vezet\u0151je...\" \/>\n<meta name=\"robots\" content=\"index, follow, max-snippet:-1, max-image-preview:large, max-video-preview:-1\" \/>\n<link rel=\"canonical\" href=\"https:\/\/buragaleria.hu\/en\/kozosseg\/lakatos-nikoletta\/\" \/>\n<meta property=\"og:locale\" content=\"en_GB\" \/>\n<meta property=\"og:type\" content=\"article\" \/>\n<meta property=\"og:title\" content=\"Lakatos Nikoletta\" \/>\n<meta property=\"og:description\" content=\"a KRMTE operat\u00edv vezet\u0151je. Szervezetfejleszt\u0151, coach \u00e9s projektmenedzser, jelenleg a MOME rektori hivatal vezet\u0151je...\" \/>\n<meta property=\"og:url\" content=\"https:\/\/buragaleria.hu\/en\/kozosseg\/lakatos-nikoletta\/\" \/>\n<meta property=\"og:site_name\" content=\"Bura Gal\u00e9ria\" \/>\n<meta property=\"article:modified_time\" content=\"2026-01-19T18:20:50+00:00\" \/>\n<meta property=\"og:image\" content=\"https:\/\/buragaleria.hu\/wp-content\/uploads\/2025\/12\/lakatos-nikoletta-bura-galeria.jpg\" \/>\n\t<meta property=\"og:image:width\" content=\"960\" \/>\n\t<meta property=\"og:image:height\" content=\"958\" \/>\n\t<meta property=\"og:image:type\" content=\"image\/jpeg\" \/>\n<meta name=\"twitter:card\" content=\"summary_large_image\" \/>\n<meta name=\"twitter:label1\" content=\"Estimated reading time\" \/>\n\t<meta name=\"twitter:data1\" content=\"1 minute\" \/>\n<script type=\"application\/ld+json\" class=\"yoast-schema-graph\">{\"@context\":\"https:\/\/schema.org\",\"@graph\":[{\"@type\":\"WebPage\",\"@id\":\"https:\/\/buragaleria.hu\/kozosseg\/lakatos-nikoletta\/\",\"url\":\"https:\/\/buragaleria.hu\/kozosseg\/lakatos-nikoletta\/\",\"name\":\"Lakatos Nikoletta - Bura Gal\u00e9ria\",\"isPartOf\":{\"@id\":\"https:\/\/buragaleria.hu\/#website\"},\"primaryImageOfPage\":{\"@id\":\"https:\/\/buragaleria.hu\/kozosseg\/lakatos-nikoletta\/#primaryimage\"},\"image\":{\"@id\":\"https:\/\/buragaleria.hu\/kozosseg\/lakatos-nikoletta\/#primaryimage\"},\"thumbnailUrl\":\"https:\/\/buragaleria.hu\/wp-content\/uploads\/2025\/12\/lakatos-nikoletta-bura-galeria.jpg\",\"datePublished\":\"2025-12-11T09:51:03+00:00\",\"dateModified\":\"2026-01-19T18:20:50+00:00\",\"description\":\"a KRMTE operat\u00edv vezet\u0151je. Szervezetfejleszt\u0151, coach \u00e9s projektmenedzser, jelenleg a MOME rektori hivatal vezet\u0151je...\",\"breadcrumb\":{\"@id\":\"https:\/\/buragaleria.hu\/kozosseg\/lakatos-nikoletta\/#breadcrumb\"},\"inLanguage\":\"en-GB\",\"potentialAction\":[{\"@type\":\"ReadAction\",\"target\":[\"https:\/\/buragaleria.hu\/kozosseg\/lakatos-nikoletta\/\"]}]},{\"@type\":\"ImageObject\",\"inLanguage\":\"en-GB\",\"@id\":\"https:\/\/buragaleria.hu\/kozosseg\/lakatos-nikoletta\/#primaryimage\",\"url\":\"https:\/\/buragaleria.hu\/wp-content\/uploads\/2025\/12\/lakatos-nikoletta-bura-galeria.jpg\",\"contentUrl\":\"https:\/\/buragaleria.hu\/wp-content\/uploads\/2025\/12\/lakatos-nikoletta-bura-galeria.jpg\",\"width\":960,\"height\":958},{\"@type\":\"BreadcrumbList\",\"@id\":\"https:\/\/buragaleria.hu\/kozosseg\/lakatos-nikoletta\/#breadcrumb\",\"itemListElement\":[{\"@type\":\"ListItem\",\"position\":1,\"name\":\"Kezd\u0151lap\",\"item\":\"https:\/\/buragaleria.hu\/\"},{\"@type\":\"ListItem\",\"position\":2,\"name\":\"K\u00d6Z\u00d6SS\u00c9G\",\"item\":\"https:\/\/buragaleria.hu\/kozosseg\/\"},{\"@type\":\"ListItem\",\"position\":3,\"name\":\"Lakatos Nikoletta\"}]},{\"@type\":\"WebSite\",\"@id\":\"https:\/\/buragaleria.hu\/#website\",\"url\":\"https:\/\/buragaleria.hu\/\",\"name\":\"Bura Gal\u00e9ria\",\"description\":\"\",\"publisher\":{\"@id\":\"https:\/\/buragaleria.hu\/#organization\"},\"potentialAction\":[{\"@type\":\"SearchAction\",\"target\":{\"@type\":\"EntryPoint\",\"urlTemplate\":\"https:\/\/buragaleria.hu\/?s={search_term_string}\"},\"query-input\":{\"@type\":\"PropertyValueSpecification\",\"valueRequired\":true,\"valueName\":\"search_term_string\"}}],\"inLanguage\":\"en-GB\"},{\"@type\":\"Organization\",\"@id\":\"https:\/\/buragaleria.hu\/#organization\",\"name\":\"Bura Gal\u00e9ria\",\"url\":\"https:\/\/buragaleria.hu\/\",\"logo\":{\"@type\":\"ImageObject\",\"inLanguage\":\"en-GB\",\"@id\":\"https:\/\/buragaleria.hu\/#\/schema\/logo\/image\/\",\"url\":\"https:\/\/buragaleria.hu\/wp-content\/uploads\/2025\/12\/cropped-BURAGALERIA-LOGO-PNG-1.png\",\"contentUrl\":\"https:\/\/buragaleria.hu\/wp-content\/uploads\/2025\/12\/cropped-BURAGALERIA-LOGO-PNG-1.png\",\"width\":224,\"height\":224,\"caption\":\"Bura Gal\u00e9ria\"},\"image\":{\"@id\":\"https:\/\/buragaleria.hu\/#\/schema\/logo\/image\/\"}}]}<\/script>\n<!-- \/ Yoast SEO Premium plugin. -->","yoast_head_json":{"title":"Lakatos Nikoletta - Bura Gal\u00e9ria","description":"a KRMTE operat\u00edv vezet\u0151je. Szervezetfejleszt\u0151, coach \u00e9s projektmenedzser, jelenleg a MOME rektori hivatal vezet\u0151je...","robots":{"index":"index","follow":"follow","max-snippet":"max-snippet:-1","max-image-preview":"max-image-preview:large","max-video-preview":"max-video-preview:-1"},"canonical":"https:\/\/buragaleria.hu\/en\/kozosseg\/lakatos-nikoletta\/","og_locale":"en_GB","og_type":"article","og_title":"Lakatos Nikoletta","og_description":"a KRMTE operat\u00edv vezet\u0151je. Szervezetfejleszt\u0151, coach \u00e9s projektmenedzser, jelenleg a MOME rektori hivatal vezet\u0151je...","og_url":"https:\/\/buragaleria.hu\/en\/kozosseg\/lakatos-nikoletta\/","og_site_name":"Bura Gal\u00e9ria","article_modified_time":"2026-01-19T18:20:50+00:00","og_image":[{"width":960,"height":958,"url":"https:\/\/buragaleria.hu\/wp-content\/uploads\/2025\/12\/lakatos-nikoletta-bura-galeria.jpg","type":"image\/jpeg"}],"twitter_card":"summary_large_image","twitter_misc":{"Estimated reading time":"1 minute"},"schema":{"@context":"https:\/\/schema.org","@graph":[{"@type":"WebPage","@id":"https:\/\/buragaleria.hu\/kozosseg\/lakatos-nikoletta\/","url":"https:\/\/buragaleria.hu\/kozosseg\/lakatos-nikoletta\/","name":"Lakatos Nikoletta - Bura Gal\u00e9ria","isPartOf":{"@id":"https:\/\/buragaleria.hu\/#website"},"primaryImageOfPage":{"@id":"https:\/\/buragaleria.hu\/kozosseg\/lakatos-nikoletta\/#primaryimage"},"image":{"@id":"https:\/\/buragaleria.hu\/kozosseg\/lakatos-nikoletta\/#primaryimage"},"thumbnailUrl":"https:\/\/buragaleria.hu\/wp-content\/uploads\/2025\/12\/lakatos-nikoletta-bura-galeria.jpg","datePublished":"2025-12-11T09:51:03+00:00","dateModified":"2026-01-19T18:20:50+00:00","description":"a KRMTE operat\u00edv vezet\u0151je. Szervezetfejleszt\u0151, coach \u00e9s projektmenedzser, jelenleg a MOME rektori hivatal vezet\u0151je...","breadcrumb":{"@id":"https:\/\/buragaleria.hu\/kozosseg\/lakatos-nikoletta\/#breadcrumb"},"inLanguage":"en-GB","potentialAction":[{"@type":"ReadAction","target":["https:\/\/buragaleria.hu\/kozosseg\/lakatos-nikoletta\/"]}]},{"@type":"ImageObject","inLanguage":"en-GB","@id":"https:\/\/buragaleria.hu\/kozosseg\/lakatos-nikoletta\/#primaryimage","url":"https:\/\/buragaleria.hu\/wp-content\/uploads\/2025\/12\/lakatos-nikoletta-bura-galeria.jpg","contentUrl":"https:\/\/buragaleria.hu\/wp-content\/uploads\/2025\/12\/lakatos-nikoletta-bura-galeria.jpg","width":960,"height":958},{"@type":"BreadcrumbList","@id":"https:\/\/buragaleria.hu\/kozosseg\/lakatos-nikoletta\/#breadcrumb","itemListElement":[{"@type":"ListItem","position":1,"name":"Kezd\u0151lap","item":"https:\/\/buragaleria.hu\/"},{"@type":"ListItem","position":2,"name":"K\u00d6Z\u00d6SS\u00c9G","item":"https:\/\/buragaleria.hu\/kozosseg\/"},{"@type":"ListItem","position":3,"name":"Lakatos Nikoletta"}]},{"@type":"WebSite","@id":"https:\/\/buragaleria.hu\/#website","url":"https:\/\/buragaleria.hu\/","name":"Bura Gal\u00e9ria","description":"","publisher":{"@id":"https:\/\/buragaleria.hu\/#organization"},"potentialAction":[{"@type":"SearchAction","target":{"@type":"EntryPoint","urlTemplate":"https:\/\/buragaleria.hu\/?s={search_term_string}"},"query-input":{"@type":"PropertyValueSpecification","valueRequired":true,"valueName":"search_term_string"}}],"inLanguage":"en-GB"},{"@type":"Organization","@id":"https:\/\/buragaleria.hu\/#organization","name":"Bura Gal\u00e9ria","url":"https:\/\/buragaleria.hu\/","logo":{"@type":"ImageObject","inLanguage":"en-GB","@id":"https:\/\/buragaleria.hu\/#\/schema\/logo\/image\/","url":"https:\/\/buragaleria.hu\/wp-content\/uploads\/2025\/12\/cropped-BURAGALERIA-LOGO-PNG-1.png","contentUrl":"https:\/\/buragaleria.hu\/wp-content\/uploads\/2025\/12\/cropped-BURAGALERIA-LOGO-PNG-1.png","width":224,"height":224,"caption":"Bura Gal\u00e9ria"},"image":{"@id":"https:\/\/buragaleria.hu\/#\/schema\/logo\/image\/"}}]}},"_links":{"self":[{"href":"https:\/\/buragaleria.hu\/en\/wp-json\/wp\/v2\/pages\/138","targetHints":{"allow":["GET"]}}],"collection":[{"href":"https:\/\/buragaleria.hu\/en\/wp-json\/wp\/v2\/pages"}],"about":[{"href":"https:\/\/buragaleria.hu\/en\/wp-json\/wp\/v2\/types\/page"}],"author":[{"embeddable":true,"href":"https:\/\/buragaleria.hu\/en\/wp-json\/wp\/v2\/users\/1"}],"replies":[{"embeddable":true,"href":"https:\/\/buragaleria.hu\/en\/wp-json\/wp\/v2\/comments?post=138"}],"version-history":[{"count":2,"href":"https:\/\/buragaleria.hu\/en\/wp-json\/wp\/v2\/pages\/138\/revisions"}],"predecessor-version":[{"id":150,"href":"https:\/\/buragaleria.hu\/en\/wp-json\/wp\/v2\/pages\/138\/revisions\/150"}],"up":[{"embeddable":true,"href":"https:\/\/buragaleria.hu\/en\/wp-json\/wp\/v2\/pages\/17"}],"wp:featuredmedia":[{"embeddable":true,"href":"https:\/\/buragaleria.hu\/en\/wp-json\/wp\/v2\/media\/140"}],"wp:attachment":[{"href":"https:\/\/buragaleria.hu\/en\/wp-json\/wp\/v2\/media?parent=138"}],"curies":[{"name":"wp","href":"https:\/\/api.w.org\/{rel}","templated":true}]}}