{"id":141,"date":"2025-12-11T09:58:56","date_gmt":"2025-12-11T09:58:56","guid":{"rendered":"https:\/\/buragaleria.hu\/?page_id=141"},"modified":"2025-12-11T10:14:12","modified_gmt":"2025-12-11T10:14:12","slug":"olah-norber","status":"publish","type":"page","link":"https:\/\/buragaleria.hu\/en\/kozosseg\/olah-norber\/","title":{"rendered":"Ol\u00e1h Norbert"},"content":{"rendered":"<p>a KRMTE m\u0171v\u00e9szeti vezet\u0151je \u00e9s akt\u00edv k\u00e9pz\u0151m\u0171v\u00e9sz. 2016-ban v\u00e9gzett a Magyar K\u00e9pz\u0151m\u0171v\u00e9szeti Egyetemen. T\u00e9m\u00e1i az identit\u00e1s, a roma tapasztalat, a hatalmi strukt\u00far\u00e1k \u00e9s az int\u00e9zm\u00e9nykritika metsz\u00e9spontjaiban helyezkednek el. Munk\u00e1ss\u00e1g\u00e1t hazai \u00e9s nemzetk\u00f6zi szinten is elismert ki\u00e1ll\u00edt\u00e1sok, m\u0171v\u00e9szetpedag\u00f3giai projektek k\u00eds\u00e9rik. M\u0171veivel szerepelt az Off-Bienn\u00e1l\u00e9n, a Parallel Vienna Art Fairen, a Ludwig M\u00fazeumban. Hazai gal\u00e9ri\u00e1k \u00e9s m\u0171v\u00e9szeti v\u00e1s\u00e1rok rendszeres ki\u00e1ll\u00edt\u00f3ja. Legut\u00f3bb az acb Gal\u00e9ri\u00e1ban mutatta be \u00faj munk\u00e1it. Alap\u00edt\u00f3ja a Cig\u00e1nyb\u0171n\u00f6z\u0151k romadadaista csoportnak.\u00a0<\/p>","protected":false},"excerpt":{"rendered":"<p>a KRMTE m\u0171v\u00e9szeti vezet\u0151je \u00e9s akt\u00edv k\u00e9pz\u0151m\u0171v\u00e9sz. 2016-ban v\u00e9gzett a Magyar K\u00e9pz\u0151m\u0171v\u00e9szeti Egyetemen. T\u00e9m\u00e1i az identit\u00e1s, a roma tapasztalat, a hatalmi strukt\u00far\u00e1k \u00e9s az int\u00e9zm\u00e9nykritika metsz\u00e9spontjaiban helyezkednek el. Munk\u00e1ss\u00e1g\u00e1t hazai \u00e9s nemzetk\u00f6zi szinten is elismert ki\u00e1ll\u00edt\u00e1sok, m\u0171v\u00e9szetpedag\u00f3giai projektek k\u00eds\u00e9rik. M\u0171veivel szerepelt az Off-Bienn\u00e1l\u00e9n, a Parallel Vienna Art Fairen, a Ludwig M\u00fazeumban. Hazai gal\u00e9ri\u00e1k \u00e9s m\u0171v\u00e9szeti [&hellip;]<\/p>\n<p><a href=\"https:\/\/buragaleria.hu\/en\/kozosseg\/olah-norber\/\" class=\"more\">see more<\/a><\/p>","protected":false},"author":1,"featured_media":142,"parent":17,"menu_order":0,"comment_status":"closed","ping_status":"closed","template":"page-crew.php","meta":{"_acf_changed":false,"footnotes":""},"class_list":["post-141","page","type-page","status-publish","has-post-thumbnail","hentry"],"acf":[],"yoast_head":"<!-- This site is optimized with the Yoast SEO Premium plugin v26.2 (Yoast SEO v26.5) - https:\/\/yoast.com\/wordpress\/plugins\/seo\/ -->\n<title>Ol\u00e1h Norbert - Bura Gal\u00e9ria<\/title>\n<meta name=\"description\" content=\"a KRMTE m\u0171v\u00e9szeti vezet\u0151je \u00e9s akt\u00edv k\u00e9pz\u0151m\u0171v\u00e9sz. T\u00e9m\u00e1i az identit\u00e1s, a roma tapasztalat, a hatalmi strukt\u00far\u00e1k \u00e9s az int\u00e9zm\u00e9nykritika...\" \/>\n<meta name=\"robots\" content=\"index, follow, max-snippet:-1, max-image-preview:large, max-video-preview:-1\" \/>\n<link rel=\"canonical\" href=\"https:\/\/buragaleria.hu\/en\/kozosseg\/olah-norber\/\" \/>\n<meta property=\"og:locale\" content=\"en_GB\" \/>\n<meta property=\"og:type\" content=\"article\" \/>\n<meta property=\"og:title\" content=\"Ol\u00e1h Norbert\" \/>\n<meta property=\"og:description\" content=\"a KRMTE m\u0171v\u00e9szeti vezet\u0151je \u00e9s akt\u00edv k\u00e9pz\u0151m\u0171v\u00e9sz. T\u00e9m\u00e1i az identit\u00e1s, a roma tapasztalat, a hatalmi strukt\u00far\u00e1k \u00e9s az int\u00e9zm\u00e9nykritika...\" \/>\n<meta property=\"og:url\" content=\"https:\/\/buragaleria.hu\/en\/kozosseg\/olah-norber\/\" \/>\n<meta property=\"og:site_name\" content=\"Bura Gal\u00e9ria\" \/>\n<meta property=\"article:modified_time\" content=\"2025-12-11T10:14:12+00:00\" \/>\n<meta property=\"og:image\" content=\"https:\/\/buragaleria.hu\/wp-content\/uploads\/2025\/12\/olah-norbert-bura-galeria.jpg\" \/>\n\t<meta property=\"og:image:width\" content=\"1422\" \/>\n\t<meta property=\"og:image:height\" content=\"2048\" \/>\n\t<meta property=\"og:image:type\" content=\"image\/jpeg\" \/>\n<meta name=\"twitter:card\" content=\"summary_large_image\" \/>\n<meta name=\"twitter:label1\" content=\"Estimated reading time\" \/>\n\t<meta name=\"twitter:data1\" content=\"1 minute\" \/>\n<script type=\"application\/ld+json\" class=\"yoast-schema-graph\">{\"@context\":\"https:\/\/schema.org\",\"@graph\":[{\"@type\":\"WebPage\",\"@id\":\"https:\/\/buragaleria.hu\/kozosseg\/olah-norber\/\",\"url\":\"https:\/\/buragaleria.hu\/kozosseg\/olah-norber\/\",\"name\":\"Ol\u00e1h Norbert - Bura Gal\u00e9ria\",\"isPartOf\":{\"@id\":\"https:\/\/buragaleria.hu\/#website\"},\"primaryImageOfPage\":{\"@id\":\"https:\/\/buragaleria.hu\/kozosseg\/olah-norber\/#primaryimage\"},\"image\":{\"@id\":\"https:\/\/buragaleria.hu\/kozosseg\/olah-norber\/#primaryimage\"},\"thumbnailUrl\":\"https:\/\/buragaleria.hu\/wp-content\/uploads\/2025\/12\/olah-norbert-bura-galeria.jpg\",\"datePublished\":\"2025-12-11T09:58:56+00:00\",\"dateModified\":\"2025-12-11T10:14:12+00:00\",\"description\":\"a KRMTE m\u0171v\u00e9szeti vezet\u0151je \u00e9s akt\u00edv k\u00e9pz\u0151m\u0171v\u00e9sz. T\u00e9m\u00e1i az identit\u00e1s, a roma tapasztalat, a hatalmi strukt\u00far\u00e1k \u00e9s az int\u00e9zm\u00e9nykritika...\",\"breadcrumb\":{\"@id\":\"https:\/\/buragaleria.hu\/kozosseg\/olah-norber\/#breadcrumb\"},\"inLanguage\":\"en-GB\",\"potentialAction\":[{\"@type\":\"ReadAction\",\"target\":[\"https:\/\/buragaleria.hu\/kozosseg\/olah-norber\/\"]}]},{\"@type\":\"ImageObject\",\"inLanguage\":\"en-GB\",\"@id\":\"https:\/\/buragaleria.hu\/kozosseg\/olah-norber\/#primaryimage\",\"url\":\"https:\/\/buragaleria.hu\/wp-content\/uploads\/2025\/12\/olah-norbert-bura-galeria.jpg\",\"contentUrl\":\"https:\/\/buragaleria.hu\/wp-content\/uploads\/2025\/12\/olah-norbert-bura-galeria.jpg\",\"width\":1422,\"height\":2048},{\"@type\":\"BreadcrumbList\",\"@id\":\"https:\/\/buragaleria.hu\/kozosseg\/olah-norber\/#breadcrumb\",\"itemListElement\":[{\"@type\":\"ListItem\",\"position\":1,\"name\":\"Kezd\u0151lap\",\"item\":\"https:\/\/buragaleria.hu\/\"},{\"@type\":\"ListItem\",\"position\":2,\"name\":\"K\u00d6Z\u00d6SS\u00c9G\",\"item\":\"https:\/\/buragaleria.hu\/kozosseg\/\"},{\"@type\":\"ListItem\",\"position\":3,\"name\":\"Ol\u00e1h Norbert\"}]},{\"@type\":\"WebSite\",\"@id\":\"https:\/\/buragaleria.hu\/#website\",\"url\":\"https:\/\/buragaleria.hu\/\",\"name\":\"Bura Gal\u00e9ria\",\"description\":\"\",\"publisher\":{\"@id\":\"https:\/\/buragaleria.hu\/#organization\"},\"potentialAction\":[{\"@type\":\"SearchAction\",\"target\":{\"@type\":\"EntryPoint\",\"urlTemplate\":\"https:\/\/buragaleria.hu\/?s={search_term_string}\"},\"query-input\":{\"@type\":\"PropertyValueSpecification\",\"valueRequired\":true,\"valueName\":\"search_term_string\"}}],\"inLanguage\":\"en-GB\"},{\"@type\":\"Organization\",\"@id\":\"https:\/\/buragaleria.hu\/#organization\",\"name\":\"Bura Gal\u00e9ria\",\"url\":\"https:\/\/buragaleria.hu\/\",\"logo\":{\"@type\":\"ImageObject\",\"inLanguage\":\"en-GB\",\"@id\":\"https:\/\/buragaleria.hu\/#\/schema\/logo\/image\/\",\"url\":\"https:\/\/buragaleria.hu\/wp-content\/uploads\/2025\/12\/cropped-BURAGALERIA-LOGO-PNG-1.png\",\"contentUrl\":\"https:\/\/buragaleria.hu\/wp-content\/uploads\/2025\/12\/cropped-BURAGALERIA-LOGO-PNG-1.png\",\"width\":224,\"height\":224,\"caption\":\"Bura Gal\u00e9ria\"},\"image\":{\"@id\":\"https:\/\/buragaleria.hu\/#\/schema\/logo\/image\/\"}}]}<\/script>\n<!-- \/ Yoast SEO Premium plugin. -->","yoast_head_json":{"title":"Ol\u00e1h Norbert - Bura Gal\u00e9ria","description":"a KRMTE m\u0171v\u00e9szeti vezet\u0151je \u00e9s akt\u00edv k\u00e9pz\u0151m\u0171v\u00e9sz. T\u00e9m\u00e1i az identit\u00e1s, a roma tapasztalat, a hatalmi strukt\u00far\u00e1k \u00e9s az int\u00e9zm\u00e9nykritika...","robots":{"index":"index","follow":"follow","max-snippet":"max-snippet:-1","max-image-preview":"max-image-preview:large","max-video-preview":"max-video-preview:-1"},"canonical":"https:\/\/buragaleria.hu\/en\/kozosseg\/olah-norber\/","og_locale":"en_GB","og_type":"article","og_title":"Ol\u00e1h Norbert","og_description":"a KRMTE m\u0171v\u00e9szeti vezet\u0151je \u00e9s akt\u00edv k\u00e9pz\u0151m\u0171v\u00e9sz. T\u00e9m\u00e1i az identit\u00e1s, a roma tapasztalat, a hatalmi strukt\u00far\u00e1k \u00e9s az int\u00e9zm\u00e9nykritika...","og_url":"https:\/\/buragaleria.hu\/en\/kozosseg\/olah-norber\/","og_site_name":"Bura Gal\u00e9ria","article_modified_time":"2025-12-11T10:14:12+00:00","og_image":[{"width":1422,"height":2048,"url":"https:\/\/buragaleria.hu\/wp-content\/uploads\/2025\/12\/olah-norbert-bura-galeria.jpg","type":"image\/jpeg"}],"twitter_card":"summary_large_image","twitter_misc":{"Estimated reading time":"1 minute"},"schema":{"@context":"https:\/\/schema.org","@graph":[{"@type":"WebPage","@id":"https:\/\/buragaleria.hu\/kozosseg\/olah-norber\/","url":"https:\/\/buragaleria.hu\/kozosseg\/olah-norber\/","name":"Ol\u00e1h Norbert - Bura Gal\u00e9ria","isPartOf":{"@id":"https:\/\/buragaleria.hu\/#website"},"primaryImageOfPage":{"@id":"https:\/\/buragaleria.hu\/kozosseg\/olah-norber\/#primaryimage"},"image":{"@id":"https:\/\/buragaleria.hu\/kozosseg\/olah-norber\/#primaryimage"},"thumbnailUrl":"https:\/\/buragaleria.hu\/wp-content\/uploads\/2025\/12\/olah-norbert-bura-galeria.jpg","datePublished":"2025-12-11T09:58:56+00:00","dateModified":"2025-12-11T10:14:12+00:00","description":"a KRMTE m\u0171v\u00e9szeti vezet\u0151je \u00e9s akt\u00edv k\u00e9pz\u0151m\u0171v\u00e9sz. T\u00e9m\u00e1i az identit\u00e1s, a roma tapasztalat, a hatalmi strukt\u00far\u00e1k \u00e9s az int\u00e9zm\u00e9nykritika...","breadcrumb":{"@id":"https:\/\/buragaleria.hu\/kozosseg\/olah-norber\/#breadcrumb"},"inLanguage":"en-GB","potentialAction":[{"@type":"ReadAction","target":["https:\/\/buragaleria.hu\/kozosseg\/olah-norber\/"]}]},{"@type":"ImageObject","inLanguage":"en-GB","@id":"https:\/\/buragaleria.hu\/kozosseg\/olah-norber\/#primaryimage","url":"https:\/\/buragaleria.hu\/wp-content\/uploads\/2025\/12\/olah-norbert-bura-galeria.jpg","contentUrl":"https:\/\/buragaleria.hu\/wp-content\/uploads\/2025\/12\/olah-norbert-bura-galeria.jpg","width":1422,"height":2048},{"@type":"BreadcrumbList","@id":"https:\/\/buragaleria.hu\/kozosseg\/olah-norber\/#breadcrumb","itemListElement":[{"@type":"ListItem","position":1,"name":"Kezd\u0151lap","item":"https:\/\/buragaleria.hu\/"},{"@type":"ListItem","position":2,"name":"K\u00d6Z\u00d6SS\u00c9G","item":"https:\/\/buragaleria.hu\/kozosseg\/"},{"@type":"ListItem","position":3,"name":"Ol\u00e1h Norbert"}]},{"@type":"WebSite","@id":"https:\/\/buragaleria.hu\/#website","url":"https:\/\/buragaleria.hu\/","name":"Bura Gal\u00e9ria","description":"","publisher":{"@id":"https:\/\/buragaleria.hu\/#organization"},"potentialAction":[{"@type":"SearchAction","target":{"@type":"EntryPoint","urlTemplate":"https:\/\/buragaleria.hu\/?s={search_term_string}"},"query-input":{"@type":"PropertyValueSpecification","valueRequired":true,"valueName":"search_term_string"}}],"inLanguage":"en-GB"},{"@type":"Organization","@id":"https:\/\/buragaleria.hu\/#organization","name":"Bura Gal\u00e9ria","url":"https:\/\/buragaleria.hu\/","logo":{"@type":"ImageObject","inLanguage":"en-GB","@id":"https:\/\/buragaleria.hu\/#\/schema\/logo\/image\/","url":"https:\/\/buragaleria.hu\/wp-content\/uploads\/2025\/12\/cropped-BURAGALERIA-LOGO-PNG-1.png","contentUrl":"https:\/\/buragaleria.hu\/wp-content\/uploads\/2025\/12\/cropped-BURAGALERIA-LOGO-PNG-1.png","width":224,"height":224,"caption":"Bura Gal\u00e9ria"},"image":{"@id":"https:\/\/buragaleria.hu\/#\/schema\/logo\/image\/"}}]}},"_links":{"self":[{"href":"https:\/\/buragaleria.hu\/en\/wp-json\/wp\/v2\/pages\/141","targetHints":{"allow":["GET"]}}],"collection":[{"href":"https:\/\/buragaleria.hu\/en\/wp-json\/wp\/v2\/pages"}],"about":[{"href":"https:\/\/buragaleria.hu\/en\/wp-json\/wp\/v2\/types\/page"}],"author":[{"embeddable":true,"href":"https:\/\/buragaleria.hu\/en\/wp-json\/wp\/v2\/users\/1"}],"replies":[{"embeddable":true,"href":"https:\/\/buragaleria.hu\/en\/wp-json\/wp\/v2\/comments?post=141"}],"version-history":[{"count":2,"href":"https:\/\/buragaleria.hu\/en\/wp-json\/wp\/v2\/pages\/141\/revisions"}],"predecessor-version":[{"id":152,"href":"https:\/\/buragaleria.hu\/en\/wp-json\/wp\/v2\/pages\/141\/revisions\/152"}],"up":[{"embeddable":true,"href":"https:\/\/buragaleria.hu\/en\/wp-json\/wp\/v2\/pages\/17"}],"wp:featuredmedia":[{"embeddable":true,"href":"https:\/\/buragaleria.hu\/en\/wp-json\/wp\/v2\/media\/142"}],"wp:attachment":[{"href":"https:\/\/buragaleria.hu\/en\/wp-json\/wp\/v2\/media?parent=141"}],"curies":[{"name":"wp","href":"https:\/\/api.w.org\/{rel}","templated":true}]}}