{"id":15,"date":"2025-12-06T07:51:17","date_gmt":"2025-12-06T07:51:17","guid":{"rendered":"https:\/\/buragaleria.hu\/?page_id=15"},"modified":"2025-12-11T11:43:41","modified_gmt":"2025-12-11T11:43:41","slug":"kiallitasok","status":"publish","type":"page","link":"https:\/\/buragaleria.hu\/en\/kiallitasok\/","title":{"rendered":"Ki\u00e1ll\u00edt\u00e1sok"},"content":{"rendered":"","protected":false},"excerpt":{"rendered":"<p><a href=\"https:\/\/buragaleria.hu\/en\/kiallitasok\/\" class=\"more\">see more<\/a><\/p>","protected":false},"author":1,"featured_media":0,"parent":0,"menu_order":0,"comment_status":"closed","ping_status":"closed","template":"page-exhibitions.php","meta":{"_acf_changed":false,"footnotes":""},"class_list":["post-15","page","type-page","status-publish","hentry"],"acf":[],"yoast_head":"<!-- This site is optimized with the Yoast SEO Premium plugin v26.2 (Yoast SEO v26.5) - https:\/\/yoast.com\/wordpress\/plugins\/seo\/ -->\n<title>Ki\u00e1ll\u00edt\u00e1sok - Bura Gal\u00e9ria<\/title>\n<meta name=\"description\" content=\"Ki\u00e1ll\u00edt\u00e1sok, esem\u00e9nyek \u00e9s performanszok a Kort\u00e1rs Roma M\u0171v\u00e9szet\u00e9rt Egyes\u00fclet szervez\u00e9s\u00e9ben, a Bura Gal\u00e9ri\u00e1ban.\" \/>\n<meta name=\"robots\" content=\"index, follow, max-snippet:-1, max-image-preview:large, max-video-preview:-1\" \/>\n<link rel=\"canonical\" href=\"https:\/\/buragaleria.hu\/en\/kiallitasok\/\" \/>\n<meta property=\"og:locale\" content=\"en_GB\" \/>\n<meta property=\"og:type\" content=\"article\" \/>\n<meta property=\"og:title\" content=\"Ki\u00e1ll\u00edt\u00e1sok\" \/>\n<meta property=\"og:description\" content=\"Ki\u00e1ll\u00edt\u00e1sok, esem\u00e9nyek \u00e9s performanszok a Kort\u00e1rs Roma M\u0171v\u00e9szet\u00e9rt Egyes\u00fclet szervez\u00e9s\u00e9ben, a Bura Gal\u00e9ri\u00e1ban.\" \/>\n<meta property=\"og:url\" content=\"https:\/\/buragaleria.hu\/en\/kiallitasok\/\" \/>\n<meta property=\"og:site_name\" content=\"Bura Gal\u00e9ria\" \/>\n<meta property=\"article:modified_time\" content=\"2025-12-11T11:43:41+00:00\" \/>\n<meta name=\"twitter:card\" content=\"summary_large_image\" \/>\n<script type=\"application\/ld+json\" class=\"yoast-schema-graph\">{\"@context\":\"https:\/\/schema.org\",\"@graph\":[{\"@type\":\"WebPage\",\"@id\":\"https:\/\/buragaleria.hu\/kiallitasok\/\",\"url\":\"https:\/\/buragaleria.hu\/kiallitasok\/\",\"name\":\"Ki\u00e1ll\u00edt\u00e1sok - Bura Gal\u00e9ria\",\"isPartOf\":{\"@id\":\"https:\/\/buragaleria.hu\/#website\"},\"datePublished\":\"2025-12-06T07:51:17+00:00\",\"dateModified\":\"2025-12-11T11:43:41+00:00\",\"description\":\"Ki\u00e1ll\u00edt\u00e1sok, esem\u00e9nyek \u00e9s performanszok a Kort\u00e1rs Roma M\u0171v\u00e9szet\u00e9rt Egyes\u00fclet szervez\u00e9s\u00e9ben, a Bura Gal\u00e9ri\u00e1ban.\",\"breadcrumb\":{\"@id\":\"https:\/\/buragaleria.hu\/kiallitasok\/#breadcrumb\"},\"inLanguage\":\"en-GB\",\"potentialAction\":[{\"@type\":\"ReadAction\",\"target\":[\"https:\/\/buragaleria.hu\/kiallitasok\/\"]}]},{\"@type\":\"BreadcrumbList\",\"@id\":\"https:\/\/buragaleria.hu\/kiallitasok\/#breadcrumb\",\"itemListElement\":[{\"@type\":\"ListItem\",\"position\":1,\"name\":\"Kezd\u0151lap\",\"item\":\"https:\/\/buragaleria.hu\/\"},{\"@type\":\"ListItem\",\"position\":2,\"name\":\"Ki\u00e1ll\u00edt\u00e1sok\"}]},{\"@type\":\"WebSite\",\"@id\":\"https:\/\/buragaleria.hu\/#website\",\"url\":\"https:\/\/buragaleria.hu\/\",\"name\":\"Bura Gal\u00e9ria\",\"description\":\"\",\"publisher\":{\"@id\":\"https:\/\/buragaleria.hu\/#organization\"},\"potentialAction\":[{\"@type\":\"SearchAction\",\"target\":{\"@type\":\"EntryPoint\",\"urlTemplate\":\"https:\/\/buragaleria.hu\/?s={search_term_string}\"},\"query-input\":{\"@type\":\"PropertyValueSpecification\",\"valueRequired\":true,\"valueName\":\"search_term_string\"}}],\"inLanguage\":\"en-GB\"},{\"@type\":\"Organization\",\"@id\":\"https:\/\/buragaleria.hu\/#organization\",\"name\":\"Bura Gal\u00e9ria\",\"url\":\"https:\/\/buragaleria.hu\/\",\"logo\":{\"@type\":\"ImageObject\",\"inLanguage\":\"en-GB\",\"@id\":\"https:\/\/buragaleria.hu\/#\/schema\/logo\/image\/\",\"url\":\"https:\/\/buragaleria.hu\/wp-content\/uploads\/2025\/12\/cropped-BURAGALERIA-LOGO-PNG-1.png\",\"contentUrl\":\"https:\/\/buragaleria.hu\/wp-content\/uploads\/2025\/12\/cropped-BURAGALERIA-LOGO-PNG-1.png\",\"width\":224,\"height\":224,\"caption\":\"Bura Gal\u00e9ria\"},\"image\":{\"@id\":\"https:\/\/buragaleria.hu\/#\/schema\/logo\/image\/\"}}]}<\/script>\n<!-- \/ Yoast SEO Premium plugin. -->","yoast_head_json":{"title":"Ki\u00e1ll\u00edt\u00e1sok - Bura Gal\u00e9ria","description":"Ki\u00e1ll\u00edt\u00e1sok, esem\u00e9nyek \u00e9s performanszok a Kort\u00e1rs Roma M\u0171v\u00e9szet\u00e9rt Egyes\u00fclet szervez\u00e9s\u00e9ben, a Bura Gal\u00e9ri\u00e1ban.","robots":{"index":"index","follow":"follow","max-snippet":"max-snippet:-1","max-image-preview":"max-image-preview:large","max-video-preview":"max-video-preview:-1"},"canonical":"https:\/\/buragaleria.hu\/en\/kiallitasok\/","og_locale":"en_GB","og_type":"article","og_title":"Ki\u00e1ll\u00edt\u00e1sok","og_description":"Ki\u00e1ll\u00edt\u00e1sok, esem\u00e9nyek \u00e9s performanszok a Kort\u00e1rs Roma M\u0171v\u00e9szet\u00e9rt Egyes\u00fclet szervez\u00e9s\u00e9ben, a Bura Gal\u00e9ri\u00e1ban.","og_url":"https:\/\/buragaleria.hu\/en\/kiallitasok\/","og_site_name":"Bura Gal\u00e9ria","article_modified_time":"2025-12-11T11:43:41+00:00","twitter_card":"summary_large_image","schema":{"@context":"https:\/\/schema.org","@graph":[{"@type":"WebPage","@id":"https:\/\/buragaleria.hu\/kiallitasok\/","url":"https:\/\/buragaleria.hu\/kiallitasok\/","name":"Ki\u00e1ll\u00edt\u00e1sok - Bura Gal\u00e9ria","isPartOf":{"@id":"https:\/\/buragaleria.hu\/#website"},"datePublished":"2025-12-06T07:51:17+00:00","dateModified":"2025-12-11T11:43:41+00:00","description":"Ki\u00e1ll\u00edt\u00e1sok, esem\u00e9nyek \u00e9s performanszok a Kort\u00e1rs Roma M\u0171v\u00e9szet\u00e9rt Egyes\u00fclet szervez\u00e9s\u00e9ben, a Bura Gal\u00e9ri\u00e1ban.","breadcrumb":{"@id":"https:\/\/buragaleria.hu\/kiallitasok\/#breadcrumb"},"inLanguage":"en-GB","potentialAction":[{"@type":"ReadAction","target":["https:\/\/buragaleria.hu\/kiallitasok\/"]}]},{"@type":"BreadcrumbList","@id":"https:\/\/buragaleria.hu\/kiallitasok\/#breadcrumb","itemListElement":[{"@type":"ListItem","position":1,"name":"Kezd\u0151lap","item":"https:\/\/buragaleria.hu\/"},{"@type":"ListItem","position":2,"name":"Ki\u00e1ll\u00edt\u00e1sok"}]},{"@type":"WebSite","@id":"https:\/\/buragaleria.hu\/#website","url":"https:\/\/buragaleria.hu\/","name":"Bura Gal\u00e9ria","description":"","publisher":{"@id":"https:\/\/buragaleria.hu\/#organization"},"potentialAction":[{"@type":"SearchAction","target":{"@type":"EntryPoint","urlTemplate":"https:\/\/buragaleria.hu\/?s={search_term_string}"},"query-input":{"@type":"PropertyValueSpecification","valueRequired":true,"valueName":"search_term_string"}}],"inLanguage":"en-GB"},{"@type":"Organization","@id":"https:\/\/buragaleria.hu\/#organization","name":"Bura Gal\u00e9ria","url":"https:\/\/buragaleria.hu\/","logo":{"@type":"ImageObject","inLanguage":"en-GB","@id":"https:\/\/buragaleria.hu\/#\/schema\/logo\/image\/","url":"https:\/\/buragaleria.hu\/wp-content\/uploads\/2025\/12\/cropped-BURAGALERIA-LOGO-PNG-1.png","contentUrl":"https:\/\/buragaleria.hu\/wp-content\/uploads\/2025\/12\/cropped-BURAGALERIA-LOGO-PNG-1.png","width":224,"height":224,"caption":"Bura Gal\u00e9ria"},"image":{"@id":"https:\/\/buragaleria.hu\/#\/schema\/logo\/image\/"}}]}},"_links":{"self":[{"href":"https:\/\/buragaleria.hu\/en\/wp-json\/wp\/v2\/pages\/15","targetHints":{"allow":["GET"]}}],"collection":[{"href":"https:\/\/buragaleria.hu\/en\/wp-json\/wp\/v2\/pages"}],"about":[{"href":"https:\/\/buragaleria.hu\/en\/wp-json\/wp\/v2\/types\/page"}],"author":[{"embeddable":true,"href":"https:\/\/buragaleria.hu\/en\/wp-json\/wp\/v2\/users\/1"}],"replies":[{"embeddable":true,"href":"https:\/\/buragaleria.hu\/en\/wp-json\/wp\/v2\/comments?post=15"}],"version-history":[{"count":4,"href":"https:\/\/buragaleria.hu\/en\/wp-json\/wp\/v2\/pages\/15\/revisions"}],"predecessor-version":[{"id":183,"href":"https:\/\/buragaleria.hu\/en\/wp-json\/wp\/v2\/pages\/15\/revisions\/183"}],"wp:attachment":[{"href":"https:\/\/buragaleria.hu\/en\/wp-json\/wp\/v2\/media?parent=15"}],"curies":[{"name":"wp","href":"https:\/\/api.w.org\/{rel}","templated":true}]}}