{"id":17,"date":"2025-12-06T07:51:33","date_gmt":"2025-12-06T07:51:33","guid":{"rendered":"https:\/\/buragaleria.hu\/?page_id=17"},"modified":"2026-01-19T20:49:39","modified_gmt":"2026-01-19T20:49:39","slug":"kozosseg","status":"publish","type":"page","link":"https:\/\/buragaleria.hu\/en\/kozosseg\/","title":{"rendered":"K\u00d6Z\u00d6SS\u00c9G"},"content":{"rendered":"<h2 class=\"wp-block-heading\" id=\"h-\"><\/h2>\n\n\n\n<p><\/p>","protected":false},"excerpt":{"rendered":"<p><a href=\"https:\/\/buragaleria.hu\/en\/kozosseg\/\" class=\"more\">see more<\/a><\/p>","protected":false},"author":1,"featured_media":0,"parent":0,"menu_order":0,"comment_status":"closed","ping_status":"closed","template":"page-community.php","meta":{"_acf_changed":false,"footnotes":""},"class_list":["post-17","page","type-page","status-publish","hentry"],"acf":[],"yoast_head":"<!-- This site is optimized with the Yoast SEO Premium plugin v26.2 (Yoast SEO v26.5) - https:\/\/yoast.com\/wordpress\/plugins\/seo\/ -->\n<title>K\u00d6Z\u00d6SS\u00c9G - Bura Gal\u00e9ria<\/title>\n<meta name=\"description\" content=\"Bura Gal\u00e9ria k\u00f6z\u00f6ss\u00e9g: alap\u00edt\u00f3k, m\u0171v\u00e9szek, alkot\u00f3k \u00e9s partnerek a kort\u00e1rs roma m\u0171v\u00e9szet\u00e9rt.\" \/>\n<meta name=\"robots\" content=\"index, follow, max-snippet:-1, max-image-preview:large, max-video-preview:-1\" \/>\n<link rel=\"canonical\" href=\"https:\/\/buragaleria.hu\/en\/kozosseg\/\" \/>\n<meta property=\"og:locale\" content=\"en_GB\" \/>\n<meta property=\"og:type\" content=\"article\" \/>\n<meta property=\"og:title\" content=\"K\u00d6Z\u00d6SS\u00c9G\" \/>\n<meta property=\"og:description\" content=\"Bura Gal\u00e9ria k\u00f6z\u00f6ss\u00e9g: alap\u00edt\u00f3k, m\u0171v\u00e9szek, alkot\u00f3k \u00e9s partnerek a kort\u00e1rs roma m\u0171v\u00e9szet\u00e9rt.\" \/>\n<meta property=\"og:url\" content=\"https:\/\/buragaleria.hu\/en\/kozosseg\/\" \/>\n<meta property=\"og:site_name\" content=\"Bura Gal\u00e9ria\" \/>\n<meta property=\"article:modified_time\" content=\"2026-01-19T20:49:39+00:00\" \/>\n<meta name=\"twitter:card\" content=\"summary_large_image\" \/>\n<script type=\"application\/ld+json\" class=\"yoast-schema-graph\">{\"@context\":\"https:\/\/schema.org\",\"@graph\":[{\"@type\":\"WebPage\",\"@id\":\"https:\/\/buragaleria.hu\/kozosseg\/\",\"url\":\"https:\/\/buragaleria.hu\/kozosseg\/\",\"name\":\"K\u00d6Z\u00d6SS\u00c9G - Bura Gal\u00e9ria\",\"isPartOf\":{\"@id\":\"https:\/\/buragaleria.hu\/#website\"},\"datePublished\":\"2025-12-06T07:51:33+00:00\",\"dateModified\":\"2026-01-19T20:49:39+00:00\",\"description\":\"Bura Gal\u00e9ria k\u00f6z\u00f6ss\u00e9g: alap\u00edt\u00f3k, m\u0171v\u00e9szek, alkot\u00f3k \u00e9s partnerek a kort\u00e1rs roma m\u0171v\u00e9szet\u00e9rt.\",\"breadcrumb\":{\"@id\":\"https:\/\/buragaleria.hu\/kozosseg\/#breadcrumb\"},\"inLanguage\":\"en-GB\",\"potentialAction\":[{\"@type\":\"ReadAction\",\"target\":[\"https:\/\/buragaleria.hu\/kozosseg\/\"]}]},{\"@type\":\"BreadcrumbList\",\"@id\":\"https:\/\/buragaleria.hu\/kozosseg\/#breadcrumb\",\"itemListElement\":[{\"@type\":\"ListItem\",\"position\":1,\"name\":\"Kezd\u0151lap\",\"item\":\"https:\/\/buragaleria.hu\/\"},{\"@type\":\"ListItem\",\"position\":2,\"name\":\"K\u00d6Z\u00d6SS\u00c9G\"}]},{\"@type\":\"WebSite\",\"@id\":\"https:\/\/buragaleria.hu\/#website\",\"url\":\"https:\/\/buragaleria.hu\/\",\"name\":\"Bura Gal\u00e9ria\",\"description\":\"\",\"publisher\":{\"@id\":\"https:\/\/buragaleria.hu\/#organization\"},\"potentialAction\":[{\"@type\":\"SearchAction\",\"target\":{\"@type\":\"EntryPoint\",\"urlTemplate\":\"https:\/\/buragaleria.hu\/?s={search_term_string}\"},\"query-input\":{\"@type\":\"PropertyValueSpecification\",\"valueRequired\":true,\"valueName\":\"search_term_string\"}}],\"inLanguage\":\"en-GB\"},{\"@type\":\"Organization\",\"@id\":\"https:\/\/buragaleria.hu\/#organization\",\"name\":\"Bura Gal\u00e9ria\",\"url\":\"https:\/\/buragaleria.hu\/\",\"logo\":{\"@type\":\"ImageObject\",\"inLanguage\":\"en-GB\",\"@id\":\"https:\/\/buragaleria.hu\/#\/schema\/logo\/image\/\",\"url\":\"https:\/\/buragaleria.hu\/wp-content\/uploads\/2025\/12\/cropped-BURAGALERIA-LOGO-PNG-1.png\",\"contentUrl\":\"https:\/\/buragaleria.hu\/wp-content\/uploads\/2025\/12\/cropped-BURAGALERIA-LOGO-PNG-1.png\",\"width\":224,\"height\":224,\"caption\":\"Bura Gal\u00e9ria\"},\"image\":{\"@id\":\"https:\/\/buragaleria.hu\/#\/schema\/logo\/image\/\"}}]}<\/script>\n<!-- \/ Yoast SEO Premium plugin. -->","yoast_head_json":{"title":"K\u00d6Z\u00d6SS\u00c9G - Bura Gal\u00e9ria","description":"Bura Gal\u00e9ria k\u00f6z\u00f6ss\u00e9g: alap\u00edt\u00f3k, m\u0171v\u00e9szek, alkot\u00f3k \u00e9s partnerek a kort\u00e1rs roma m\u0171v\u00e9szet\u00e9rt.","robots":{"index":"index","follow":"follow","max-snippet":"max-snippet:-1","max-image-preview":"max-image-preview:large","max-video-preview":"max-video-preview:-1"},"canonical":"https:\/\/buragaleria.hu\/en\/kozosseg\/","og_locale":"en_GB","og_type":"article","og_title":"K\u00d6Z\u00d6SS\u00c9G","og_description":"Bura Gal\u00e9ria k\u00f6z\u00f6ss\u00e9g: alap\u00edt\u00f3k, m\u0171v\u00e9szek, alkot\u00f3k \u00e9s partnerek a kort\u00e1rs roma m\u0171v\u00e9szet\u00e9rt.","og_url":"https:\/\/buragaleria.hu\/en\/kozosseg\/","og_site_name":"Bura Gal\u00e9ria","article_modified_time":"2026-01-19T20:49:39+00:00","twitter_card":"summary_large_image","schema":{"@context":"https:\/\/schema.org","@graph":[{"@type":"WebPage","@id":"https:\/\/buragaleria.hu\/kozosseg\/","url":"https:\/\/buragaleria.hu\/kozosseg\/","name":"K\u00d6Z\u00d6SS\u00c9G - Bura Gal\u00e9ria","isPartOf":{"@id":"https:\/\/buragaleria.hu\/#website"},"datePublished":"2025-12-06T07:51:33+00:00","dateModified":"2026-01-19T20:49:39+00:00","description":"Bura Gal\u00e9ria k\u00f6z\u00f6ss\u00e9g: alap\u00edt\u00f3k, m\u0171v\u00e9szek, alkot\u00f3k \u00e9s partnerek a kort\u00e1rs roma m\u0171v\u00e9szet\u00e9rt.","breadcrumb":{"@id":"https:\/\/buragaleria.hu\/kozosseg\/#breadcrumb"},"inLanguage":"en-GB","potentialAction":[{"@type":"ReadAction","target":["https:\/\/buragaleria.hu\/kozosseg\/"]}]},{"@type":"BreadcrumbList","@id":"https:\/\/buragaleria.hu\/kozosseg\/#breadcrumb","itemListElement":[{"@type":"ListItem","position":1,"name":"Kezd\u0151lap","item":"https:\/\/buragaleria.hu\/"},{"@type":"ListItem","position":2,"name":"K\u00d6Z\u00d6SS\u00c9G"}]},{"@type":"WebSite","@id":"https:\/\/buragaleria.hu\/#website","url":"https:\/\/buragaleria.hu\/","name":"Bura Gal\u00e9ria","description":"","publisher":{"@id":"https:\/\/buragaleria.hu\/#organization"},"potentialAction":[{"@type":"SearchAction","target":{"@type":"EntryPoint","urlTemplate":"https:\/\/buragaleria.hu\/?s={search_term_string}"},"query-input":{"@type":"PropertyValueSpecification","valueRequired":true,"valueName":"search_term_string"}}],"inLanguage":"en-GB"},{"@type":"Organization","@id":"https:\/\/buragaleria.hu\/#organization","name":"Bura Gal\u00e9ria","url":"https:\/\/buragaleria.hu\/","logo":{"@type":"ImageObject","inLanguage":"en-GB","@id":"https:\/\/buragaleria.hu\/#\/schema\/logo\/image\/","url":"https:\/\/buragaleria.hu\/wp-content\/uploads\/2025\/12\/cropped-BURAGALERIA-LOGO-PNG-1.png","contentUrl":"https:\/\/buragaleria.hu\/wp-content\/uploads\/2025\/12\/cropped-BURAGALERIA-LOGO-PNG-1.png","width":224,"height":224,"caption":"Bura Gal\u00e9ria"},"image":{"@id":"https:\/\/buragaleria.hu\/#\/schema\/logo\/image\/"}}]}},"_links":{"self":[{"href":"https:\/\/buragaleria.hu\/en\/wp-json\/wp\/v2\/pages\/17","targetHints":{"allow":["GET"]}}],"collection":[{"href":"https:\/\/buragaleria.hu\/en\/wp-json\/wp\/v2\/pages"}],"about":[{"href":"https:\/\/buragaleria.hu\/en\/wp-json\/wp\/v2\/types\/page"}],"author":[{"embeddable":true,"href":"https:\/\/buragaleria.hu\/en\/wp-json\/wp\/v2\/users\/1"}],"replies":[{"embeddable":true,"href":"https:\/\/buragaleria.hu\/en\/wp-json\/wp\/v2\/comments?post=17"}],"version-history":[{"count":11,"href":"https:\/\/buragaleria.hu\/en\/wp-json\/wp\/v2\/pages\/17\/revisions"}],"predecessor-version":[{"id":550,"href":"https:\/\/buragaleria.hu\/en\/wp-json\/wp\/v2\/pages\/17\/revisions\/550"}],"wp:attachment":[{"href":"https:\/\/buragaleria.hu\/en\/wp-json\/wp\/v2\/media?parent=17"}],"curies":[{"name":"wp","href":"https:\/\/api.w.org\/{rel}","templated":true}]}}