{"id":21,"date":"2025-12-06T07:51:56","date_gmt":"2025-12-06T07:51:56","guid":{"rendered":"https:\/\/buragaleria.hu\/?page_id=21"},"modified":"2026-01-19T17:39:35","modified_gmt":"2026-01-19T17:39:35","slug":"tamogatas","status":"publish","type":"page","link":"https:\/\/buragaleria.hu\/en\/tamogatas\/","title":{"rendered":"T\u00e1mogat\u00e1s"},"content":{"rendered":"<h2 class=\"wp-block-heading\" id=\"h-tamogasd-a-munkankat\">T\u00e1mogasd a munk\u00e1nkat<\/h2>\n\n\n\n<p>A m\u0171v\u00e9szet k\u00e9pes hidakat \u00e9p\u00edteni \u2014 k\u00f6zt\u00fcnk, t\u00f6rt\u00e9neteink k\u00f6z\u00f6tt, \u00e9s a j\u00f6v\u0151 fel\u00e9.<br>A Bura Gal\u00e9ria ez\u00e9rt dolgozik: hogy a kort\u00e1rs roma m\u0171v\u00e9szet \u00e9l\u0151 \u00e9s l\u00e1that\u00f3 r\u00e9sze legyen a magyar kultur\u00e1lis \u00e9letnek.<br>T\u00e1mogat\u00e1soddal seg\u00edtheted ki\u00e1ll\u00edt\u00e1saink megval\u00f3sul\u00e1s\u00e1t, m\u0171v\u00e9szeinket \u00e9s k\u00f6z\u00f6ss\u00e9gi programjainkat.<br>Minden adom\u00e1ny egy \u00fajabb l\u00e9p\u00e9s afel\u00e9, hogy a t\u00e1rsadalmi p\u00e1rbesz\u00e9d val\u00f3ban k\u00f6z\u00f6s nyelv\u00fcnkk\u00e9 v\u00e1ljon.<br><\/p>\n\n\n\n<p>T\u00e1mogat\u00e1sodat banki \u00e1tutal\u00e1ssal tudod elk\u00fcldeni az al\u00e1bbi sz\u00e1mlasz\u00e1mra:\u2028<\/p>\n\n\n\n<p><span>Kort\u00e1rs Roma M\u0171v\u00e9szet Tere Egyes\u00fclet\u2028<br>Banksz\u00e1mlasz\u00e1m ERSTE Bank<br>HU23 11600006-00000002-01674543<\/span><\/p>","protected":false},"excerpt":{"rendered":"<p>T\u00e1mogasd a munk\u00e1nkat A m\u0171v\u00e9szet k\u00e9pes hidakat \u00e9p\u00edteni \u2014 k\u00f6zt\u00fcnk, t\u00f6rt\u00e9neteink k\u00f6z\u00f6tt, \u00e9s a j\u00f6v\u0151 fel\u00e9.A Bura Gal\u00e9ria ez\u00e9rt dolgozik: hogy a kort\u00e1rs roma m\u0171v\u00e9szet \u00e9l\u0151 \u00e9s l\u00e1that\u00f3 r\u00e9sze legyen a magyar kultur\u00e1lis \u00e9letnek.T\u00e1mogat\u00e1soddal seg\u00edtheted ki\u00e1ll\u00edt\u00e1saink megval\u00f3sul\u00e1s\u00e1t, m\u0171v\u00e9szeinket \u00e9s k\u00f6z\u00f6ss\u00e9gi programjainkat.Minden adom\u00e1ny egy \u00fajabb l\u00e9p\u00e9s afel\u00e9, hogy a t\u00e1rsadalmi p\u00e1rbesz\u00e9d val\u00f3ban k\u00f6z\u00f6s nyelv\u00fcnkk\u00e9 v\u00e1ljon. T\u00e1mogat\u00e1sodat [&hellip;]<\/p>\n<p><a href=\"https:\/\/buragaleria.hu\/en\/tamogatas\/\" class=\"more\">see more<\/a><\/p>","protected":false},"author":1,"featured_media":0,"parent":0,"menu_order":0,"comment_status":"closed","ping_status":"closed","template":"","meta":{"_acf_changed":false,"footnotes":""},"class_list":["post-21","page","type-page","status-publish","hentry"],"acf":[],"yoast_head":"<!-- This site is optimized with the Yoast SEO Premium plugin v26.2 (Yoast SEO v26.5) - https:\/\/yoast.com\/wordpress\/plugins\/seo\/ -->\n<title>T\u00e1mogat\u00e1s - Bura Gal\u00e9ria<\/title>\n<meta name=\"description\" content=\"A m\u0171v\u00e9szet k\u00e9pes hidakat \u00e9p\u00edteni \u2014 k\u00f6zt\u00fcnk, t\u00f6rt\u00e9neteink k\u00f6z\u00f6tt, \u00e9s a j\u00f6v\u0151 fel\u00e9. T\u00e1mogat\u00e1soddal seg\u00edtheted ki\u00e1ll\u00edt\u00e1saink megval\u00f3sul\u00e1s\u00e1t.\" \/>\n<meta name=\"robots\" content=\"index, follow, max-snippet:-1, max-image-preview:large, max-video-preview:-1\" \/>\n<link rel=\"canonical\" href=\"https:\/\/buragaleria.hu\/en\/tamogatas\/\" \/>\n<meta property=\"og:locale\" content=\"en_GB\" \/>\n<meta property=\"og:type\" content=\"article\" \/>\n<meta property=\"og:title\" content=\"T\u00e1mogat\u00e1s\" \/>\n<meta property=\"og:description\" content=\"A m\u0171v\u00e9szet k\u00e9pes hidakat \u00e9p\u00edteni \u2014 k\u00f6zt\u00fcnk, t\u00f6rt\u00e9neteink k\u00f6z\u00f6tt, \u00e9s a j\u00f6v\u0151 fel\u00e9. T\u00e1mogat\u00e1soddal seg\u00edtheted ki\u00e1ll\u00edt\u00e1saink megval\u00f3sul\u00e1s\u00e1t.\" \/>\n<meta property=\"og:url\" content=\"https:\/\/buragaleria.hu\/en\/tamogatas\/\" \/>\n<meta property=\"og:site_name\" content=\"Bura Gal\u00e9ria\" \/>\n<meta property=\"article:modified_time\" content=\"2026-01-19T17:39:35+00:00\" \/>\n<meta name=\"twitter:card\" content=\"summary_large_image\" \/>\n<meta name=\"twitter:label1\" content=\"Estimated reading time\" \/>\n\t<meta name=\"twitter:data1\" content=\"1 minute\" \/>\n<script type=\"application\/ld+json\" class=\"yoast-schema-graph\">{\"@context\":\"https:\/\/schema.org\",\"@graph\":[{\"@type\":\"WebPage\",\"@id\":\"https:\/\/buragaleria.hu\/tamogatas\/\",\"url\":\"https:\/\/buragaleria.hu\/tamogatas\/\",\"name\":\"T\u00e1mogat\u00e1s - Bura Gal\u00e9ria\",\"isPartOf\":{\"@id\":\"https:\/\/buragaleria.hu\/#website\"},\"datePublished\":\"2025-12-06T07:51:56+00:00\",\"dateModified\":\"2026-01-19T17:39:35+00:00\",\"description\":\"A m\u0171v\u00e9szet k\u00e9pes hidakat \u00e9p\u00edteni \u2014 k\u00f6zt\u00fcnk, t\u00f6rt\u00e9neteink k\u00f6z\u00f6tt, \u00e9s a j\u00f6v\u0151 fel\u00e9. T\u00e1mogat\u00e1soddal seg\u00edtheted ki\u00e1ll\u00edt\u00e1saink megval\u00f3sul\u00e1s\u00e1t.\",\"breadcrumb\":{\"@id\":\"https:\/\/buragaleria.hu\/tamogatas\/#breadcrumb\"},\"inLanguage\":\"en-GB\",\"potentialAction\":[{\"@type\":\"ReadAction\",\"target\":[\"https:\/\/buragaleria.hu\/tamogatas\/\"]}]},{\"@type\":\"BreadcrumbList\",\"@id\":\"https:\/\/buragaleria.hu\/tamogatas\/#breadcrumb\",\"itemListElement\":[{\"@type\":\"ListItem\",\"position\":1,\"name\":\"Kezd\u0151lap\",\"item\":\"https:\/\/buragaleria.hu\/\"},{\"@type\":\"ListItem\",\"position\":2,\"name\":\"T\u00e1mogat\u00e1s\"}]},{\"@type\":\"WebSite\",\"@id\":\"https:\/\/buragaleria.hu\/#website\",\"url\":\"https:\/\/buragaleria.hu\/\",\"name\":\"Bura Gal\u00e9ria\",\"description\":\"\",\"publisher\":{\"@id\":\"https:\/\/buragaleria.hu\/#organization\"},\"potentialAction\":[{\"@type\":\"SearchAction\",\"target\":{\"@type\":\"EntryPoint\",\"urlTemplate\":\"https:\/\/buragaleria.hu\/?s={search_term_string}\"},\"query-input\":{\"@type\":\"PropertyValueSpecification\",\"valueRequired\":true,\"valueName\":\"search_term_string\"}}],\"inLanguage\":\"en-GB\"},{\"@type\":\"Organization\",\"@id\":\"https:\/\/buragaleria.hu\/#organization\",\"name\":\"Bura Gal\u00e9ria\",\"url\":\"https:\/\/buragaleria.hu\/\",\"logo\":{\"@type\":\"ImageObject\",\"inLanguage\":\"en-GB\",\"@id\":\"https:\/\/buragaleria.hu\/#\/schema\/logo\/image\/\",\"url\":\"https:\/\/buragaleria.hu\/wp-content\/uploads\/2025\/12\/cropped-BURAGALERIA-LOGO-PNG-1.png\",\"contentUrl\":\"https:\/\/buragaleria.hu\/wp-content\/uploads\/2025\/12\/cropped-BURAGALERIA-LOGO-PNG-1.png\",\"width\":224,\"height\":224,\"caption\":\"Bura Gal\u00e9ria\"},\"image\":{\"@id\":\"https:\/\/buragaleria.hu\/#\/schema\/logo\/image\/\"}}]}<\/script>\n<!-- \/ Yoast SEO Premium plugin. -->","yoast_head_json":{"title":"T\u00e1mogat\u00e1s - Bura Gal\u00e9ria","description":"A m\u0171v\u00e9szet k\u00e9pes hidakat \u00e9p\u00edteni \u2014 k\u00f6zt\u00fcnk, t\u00f6rt\u00e9neteink k\u00f6z\u00f6tt, \u00e9s a j\u00f6v\u0151 fel\u00e9. T\u00e1mogat\u00e1soddal seg\u00edtheted ki\u00e1ll\u00edt\u00e1saink megval\u00f3sul\u00e1s\u00e1t.","robots":{"index":"index","follow":"follow","max-snippet":"max-snippet:-1","max-image-preview":"max-image-preview:large","max-video-preview":"max-video-preview:-1"},"canonical":"https:\/\/buragaleria.hu\/en\/tamogatas\/","og_locale":"en_GB","og_type":"article","og_title":"T\u00e1mogat\u00e1s","og_description":"A m\u0171v\u00e9szet k\u00e9pes hidakat \u00e9p\u00edteni \u2014 k\u00f6zt\u00fcnk, t\u00f6rt\u00e9neteink k\u00f6z\u00f6tt, \u00e9s a j\u00f6v\u0151 fel\u00e9. T\u00e1mogat\u00e1soddal seg\u00edtheted ki\u00e1ll\u00edt\u00e1saink megval\u00f3sul\u00e1s\u00e1t.","og_url":"https:\/\/buragaleria.hu\/en\/tamogatas\/","og_site_name":"Bura Gal\u00e9ria","article_modified_time":"2026-01-19T17:39:35+00:00","twitter_card":"summary_large_image","twitter_misc":{"Estimated reading time":"1 minute"},"schema":{"@context":"https:\/\/schema.org","@graph":[{"@type":"WebPage","@id":"https:\/\/buragaleria.hu\/tamogatas\/","url":"https:\/\/buragaleria.hu\/tamogatas\/","name":"T\u00e1mogat\u00e1s - Bura Gal\u00e9ria","isPartOf":{"@id":"https:\/\/buragaleria.hu\/#website"},"datePublished":"2025-12-06T07:51:56+00:00","dateModified":"2026-01-19T17:39:35+00:00","description":"A m\u0171v\u00e9szet k\u00e9pes hidakat \u00e9p\u00edteni \u2014 k\u00f6zt\u00fcnk, t\u00f6rt\u00e9neteink k\u00f6z\u00f6tt, \u00e9s a j\u00f6v\u0151 fel\u00e9. T\u00e1mogat\u00e1soddal seg\u00edtheted ki\u00e1ll\u00edt\u00e1saink megval\u00f3sul\u00e1s\u00e1t.","breadcrumb":{"@id":"https:\/\/buragaleria.hu\/tamogatas\/#breadcrumb"},"inLanguage":"en-GB","potentialAction":[{"@type":"ReadAction","target":["https:\/\/buragaleria.hu\/tamogatas\/"]}]},{"@type":"BreadcrumbList","@id":"https:\/\/buragaleria.hu\/tamogatas\/#breadcrumb","itemListElement":[{"@type":"ListItem","position":1,"name":"Kezd\u0151lap","item":"https:\/\/buragaleria.hu\/"},{"@type":"ListItem","position":2,"name":"T\u00e1mogat\u00e1s"}]},{"@type":"WebSite","@id":"https:\/\/buragaleria.hu\/#website","url":"https:\/\/buragaleria.hu\/","name":"Bura Gal\u00e9ria","description":"","publisher":{"@id":"https:\/\/buragaleria.hu\/#organization"},"potentialAction":[{"@type":"SearchAction","target":{"@type":"EntryPoint","urlTemplate":"https:\/\/buragaleria.hu\/?s={search_term_string}"},"query-input":{"@type":"PropertyValueSpecification","valueRequired":true,"valueName":"search_term_string"}}],"inLanguage":"en-GB"},{"@type":"Organization","@id":"https:\/\/buragaleria.hu\/#organization","name":"Bura Gal\u00e9ria","url":"https:\/\/buragaleria.hu\/","logo":{"@type":"ImageObject","inLanguage":"en-GB","@id":"https:\/\/buragaleria.hu\/#\/schema\/logo\/image\/","url":"https:\/\/buragaleria.hu\/wp-content\/uploads\/2025\/12\/cropped-BURAGALERIA-LOGO-PNG-1.png","contentUrl":"https:\/\/buragaleria.hu\/wp-content\/uploads\/2025\/12\/cropped-BURAGALERIA-LOGO-PNG-1.png","width":224,"height":224,"caption":"Bura Gal\u00e9ria"},"image":{"@id":"https:\/\/buragaleria.hu\/#\/schema\/logo\/image\/"}}]}},"_links":{"self":[{"href":"https:\/\/buragaleria.hu\/en\/wp-json\/wp\/v2\/pages\/21","targetHints":{"allow":["GET"]}}],"collection":[{"href":"https:\/\/buragaleria.hu\/en\/wp-json\/wp\/v2\/pages"}],"about":[{"href":"https:\/\/buragaleria.hu\/en\/wp-json\/wp\/v2\/types\/page"}],"author":[{"embeddable":true,"href":"https:\/\/buragaleria.hu\/en\/wp-json\/wp\/v2\/users\/1"}],"replies":[{"embeddable":true,"href":"https:\/\/buragaleria.hu\/en\/wp-json\/wp\/v2\/comments?post=21"}],"version-history":[{"count":3,"href":"https:\/\/buragaleria.hu\/en\/wp-json\/wp\/v2\/pages\/21\/revisions"}],"predecessor-version":[{"id":528,"href":"https:\/\/buragaleria.hu\/en\/wp-json\/wp\/v2\/pages\/21\/revisions\/528"}],"wp:attachment":[{"href":"https:\/\/buragaleria.hu\/en\/wp-json\/wp\/v2\/media?parent=21"}],"curies":[{"name":"wp","href":"https:\/\/api.w.org\/{rel}","templated":true}]}}