{"id":42,"date":"2025-12-08T09:03:33","date_gmt":"2025-12-08T09:03:33","guid":{"rendered":"https:\/\/buragaleria.hu\/?page_id=42"},"modified":"2026-01-20T09:38:53","modified_gmt":"2026-01-20T09:38:53","slug":"farkas-clara","status":"publish","type":"page","link":"https:\/\/buragaleria.hu\/en\/kozosseg\/farkas-clara\/","title":{"rendered":"Farkas Clara"},"content":{"rendered":"<p>a KRMTE nemzetk\u00f6zi kapcsolatok\u00e9rt felel\u0151s vezet\u0151je, vizu\u00e1lis alkot\u00f3, a roma \u00e9s n\u0151i identit\u00e1s, valamint az \u00f6nreprezent\u00e1ci\u00f3 vizu\u00e1lis form\u00e1it kutatja. L\u00e1tv\u00e1nytervez\u0151k\u00e9nt sz\u00e1mtalan k\u00fclf\u00f6ldi \u00e9s magyar film-, rekl\u00e1m \u00e9s zenei produkci\u00f3 d\u00edszleteinek alkot\u00f3ja. Sz\u00e1mos interdiszciplin\u00e1ris projektben m\u0171k\u00f6d\u00f6tt k\u00f6zre, t\u00f6bbek k\u00f6z\u00f6tt a Romak\u00e9p M\u0171hely alap\u00edt\u00f3tagjak\u00e9nt, a Gallery8-ban ki\u00e1ll\u00edtott No Innocent Picture fot\u00f3sorozat k\u00f6zrem\u0171k\u00f6d\u0151jek\u00e9nt \u00e9s mint kur\u00e1tor a Focus! &#8211; adatb\u00e1zis rom\u00e1k \u00e1ltal \u00e9s rom\u00e1kr\u00f3l k\u00e9sz\u00fclt filmekr\u0151l. Jelenleg els\u0151 dokumentumfilmj\u00e9n dolgozik, amely els\u0151sorban a nemzeti \u00e9s kisebbs\u00e9gi identit\u00e1s, a transzgener\u00e1ci\u00f3s \u00f6r\u00f6ks\u00e9gek \u00e9s a n\u0151i szerepek t\u00e9m\u00e1it \u00f6leli fel. Jelent\u0151s tapasztalattal rendelkezik nemzetk\u00f6zi egy\u00fcttm\u0171k\u00f6d\u00e9sekben, vizu\u00e1lis kommunik\u00e1ci\u00f3s kamp\u00e1nyok tervez\u00e9s\u00e9ben \u00e9s lebonyol\u00edt\u00e1s\u00e1ban.\u00a0<\/p>","protected":false},"excerpt":{"rendered":"<p>a KRMTE nemzetk\u00f6zi kapcsolatok\u00e9rt felel\u0151s vezet\u0151je, vizu\u00e1lis alkot\u00f3, a roma \u00e9s n\u0151i identit\u00e1s, valamint az \u00f6nreprezent\u00e1ci\u00f3 vizu\u00e1lis form\u00e1it kutatja. L\u00e1tv\u00e1nytervez\u0151k\u00e9nt sz\u00e1mtalan k\u00fclf\u00f6ldi \u00e9s magyar film-, rekl\u00e1m \u00e9s zenei produkci\u00f3 d\u00edszleteinek alkot\u00f3ja. Sz\u00e1mos interdiszciplin\u00e1ris projektben m\u0171k\u00f6d\u00f6tt k\u00f6zre, t\u00f6bbek k\u00f6z\u00f6tt a Romak\u00e9p M\u0171hely alap\u00edt\u00f3tagjak\u00e9nt, a Gallery8-ban ki\u00e1ll\u00edtott No Innocent Picture fot\u00f3sorozat k\u00f6zrem\u0171k\u00f6d\u0151jek\u00e9nt \u00e9s mint kur\u00e1tor a Focus! [&hellip;]<\/p>\n<p><a href=\"https:\/\/buragaleria.hu\/en\/kozosseg\/farkas-clara\/\" class=\"more\">see more<\/a><\/p>","protected":false},"author":1,"featured_media":943,"parent":17,"menu_order":0,"comment_status":"closed","ping_status":"closed","template":"page-crew.php","meta":{"_acf_changed":false,"footnotes":""},"class_list":["post-42","page","type-page","status-publish","has-post-thumbnail","hentry"],"acf":[],"yoast_head":"<!-- This site is optimized with the Yoast SEO Premium plugin v26.2 (Yoast SEO v26.5) - https:\/\/yoast.com\/wordpress\/plugins\/seo\/ -->\n<title>Farkas Clara - Bura Gal\u00e9ria<\/title>\n<meta name=\"description\" content=\"Sz\u00e1mos interdiszciplin\u00e1ris projektben m\u0171k\u00f6d\u00f6tt k\u00f6zre, t\u00f6bbek k\u00f6z\u00f6tt a Romak\u00e9p M\u0171hely alap\u00edt\u00f3tagjak\u00e9nt, a Gallery8-ban...\" \/>\n<meta name=\"robots\" content=\"index, follow, max-snippet:-1, max-image-preview:large, max-video-preview:-1\" \/>\n<link rel=\"canonical\" href=\"https:\/\/buragaleria.hu\/en\/kozosseg\/farkas-clara\/\" \/>\n<meta property=\"og:locale\" content=\"en_GB\" \/>\n<meta property=\"og:type\" content=\"article\" \/>\n<meta property=\"og:title\" content=\"Farkas Clara\" \/>\n<meta property=\"og:description\" content=\"Sz\u00e1mos interdiszciplin\u00e1ris projektben m\u0171k\u00f6d\u00f6tt k\u00f6zre, t\u00f6bbek k\u00f6z\u00f6tt a Romak\u00e9p M\u0171hely alap\u00edt\u00f3tagjak\u00e9nt, a Gallery8-ban...\" \/>\n<meta property=\"og:url\" content=\"https:\/\/buragaleria.hu\/en\/kozosseg\/farkas-clara\/\" \/>\n<meta property=\"og:site_name\" content=\"Bura Gal\u00e9ria\" \/>\n<meta property=\"article:modified_time\" content=\"2026-01-20T09:38:53+00:00\" \/>\n<meta property=\"og:image\" content=\"https:\/\/buragaleria.hu\/wp-content\/uploads\/2026\/01\/farkas-clara.jpg\" \/>\n\t<meta property=\"og:image:width\" content=\"778\" \/>\n\t<meta property=\"og:image:height\" content=\"778\" \/>\n\t<meta property=\"og:image:type\" content=\"image\/jpeg\" \/>\n<meta name=\"twitter:card\" content=\"summary_large_image\" \/>\n<meta name=\"twitter:label1\" content=\"Estimated reading time\" \/>\n\t<meta name=\"twitter:data1\" content=\"1 minute\" \/>\n<script type=\"application\/ld+json\" class=\"yoast-schema-graph\">{\"@context\":\"https:\/\/schema.org\",\"@graph\":[{\"@type\":\"WebPage\",\"@id\":\"https:\/\/buragaleria.hu\/kozosseg\/farkas-clara\/\",\"url\":\"https:\/\/buragaleria.hu\/kozosseg\/farkas-clara\/\",\"name\":\"Farkas Clara - Bura Gal\u00e9ria\",\"isPartOf\":{\"@id\":\"https:\/\/buragaleria.hu\/#website\"},\"primaryImageOfPage\":{\"@id\":\"https:\/\/buragaleria.hu\/kozosseg\/farkas-clara\/#primaryimage\"},\"image\":{\"@id\":\"https:\/\/buragaleria.hu\/kozosseg\/farkas-clara\/#primaryimage\"},\"thumbnailUrl\":\"https:\/\/buragaleria.hu\/wp-content\/uploads\/2026\/01\/farkas-clara.jpg\",\"datePublished\":\"2025-12-08T09:03:33+00:00\",\"dateModified\":\"2026-01-20T09:38:53+00:00\",\"description\":\"Sz\u00e1mos interdiszciplin\u00e1ris projektben m\u0171k\u00f6d\u00f6tt k\u00f6zre, t\u00f6bbek k\u00f6z\u00f6tt a Romak\u00e9p M\u0171hely alap\u00edt\u00f3tagjak\u00e9nt, a Gallery8-ban...\",\"breadcrumb\":{\"@id\":\"https:\/\/buragaleria.hu\/kozosseg\/farkas-clara\/#breadcrumb\"},\"inLanguage\":\"en-GB\",\"potentialAction\":[{\"@type\":\"ReadAction\",\"target\":[\"https:\/\/buragaleria.hu\/kozosseg\/farkas-clara\/\"]}]},{\"@type\":\"ImageObject\",\"inLanguage\":\"en-GB\",\"@id\":\"https:\/\/buragaleria.hu\/kozosseg\/farkas-clara\/#primaryimage\",\"url\":\"https:\/\/buragaleria.hu\/wp-content\/uploads\/2026\/01\/farkas-clara.jpg\",\"contentUrl\":\"https:\/\/buragaleria.hu\/wp-content\/uploads\/2026\/01\/farkas-clara.jpg\",\"width\":778,\"height\":778},{\"@type\":\"BreadcrumbList\",\"@id\":\"https:\/\/buragaleria.hu\/kozosseg\/farkas-clara\/#breadcrumb\",\"itemListElement\":[{\"@type\":\"ListItem\",\"position\":1,\"name\":\"Kezd\u0151lap\",\"item\":\"https:\/\/buragaleria.hu\/\"},{\"@type\":\"ListItem\",\"position\":2,\"name\":\"K\u00d6Z\u00d6SS\u00c9G\",\"item\":\"https:\/\/buragaleria.hu\/kozosseg\/\"},{\"@type\":\"ListItem\",\"position\":3,\"name\":\"Farkas Clara\"}]},{\"@type\":\"WebSite\",\"@id\":\"https:\/\/buragaleria.hu\/#website\",\"url\":\"https:\/\/buragaleria.hu\/\",\"name\":\"Bura Gal\u00e9ria\",\"description\":\"\",\"publisher\":{\"@id\":\"https:\/\/buragaleria.hu\/#organization\"},\"potentialAction\":[{\"@type\":\"SearchAction\",\"target\":{\"@type\":\"EntryPoint\",\"urlTemplate\":\"https:\/\/buragaleria.hu\/?s={search_term_string}\"},\"query-input\":{\"@type\":\"PropertyValueSpecification\",\"valueRequired\":true,\"valueName\":\"search_term_string\"}}],\"inLanguage\":\"en-GB\"},{\"@type\":\"Organization\",\"@id\":\"https:\/\/buragaleria.hu\/#organization\",\"name\":\"Bura Gal\u00e9ria\",\"url\":\"https:\/\/buragaleria.hu\/\",\"logo\":{\"@type\":\"ImageObject\",\"inLanguage\":\"en-GB\",\"@id\":\"https:\/\/buragaleria.hu\/#\/schema\/logo\/image\/\",\"url\":\"https:\/\/buragaleria.hu\/wp-content\/uploads\/2025\/12\/cropped-BURAGALERIA-LOGO-PNG-1.png\",\"contentUrl\":\"https:\/\/buragaleria.hu\/wp-content\/uploads\/2025\/12\/cropped-BURAGALERIA-LOGO-PNG-1.png\",\"width\":224,\"height\":224,\"caption\":\"Bura Gal\u00e9ria\"},\"image\":{\"@id\":\"https:\/\/buragaleria.hu\/#\/schema\/logo\/image\/\"}}]}<\/script>\n<!-- \/ Yoast SEO Premium plugin. -->","yoast_head_json":{"title":"Farkas Clara - Bura Gal\u00e9ria","description":"Sz\u00e1mos interdiszciplin\u00e1ris projektben m\u0171k\u00f6d\u00f6tt k\u00f6zre, t\u00f6bbek k\u00f6z\u00f6tt a Romak\u00e9p M\u0171hely alap\u00edt\u00f3tagjak\u00e9nt, a Gallery8-ban...","robots":{"index":"index","follow":"follow","max-snippet":"max-snippet:-1","max-image-preview":"max-image-preview:large","max-video-preview":"max-video-preview:-1"},"canonical":"https:\/\/buragaleria.hu\/en\/kozosseg\/farkas-clara\/","og_locale":"en_GB","og_type":"article","og_title":"Farkas Clara","og_description":"Sz\u00e1mos interdiszciplin\u00e1ris projektben m\u0171k\u00f6d\u00f6tt k\u00f6zre, t\u00f6bbek k\u00f6z\u00f6tt a Romak\u00e9p M\u0171hely alap\u00edt\u00f3tagjak\u00e9nt, a Gallery8-ban...","og_url":"https:\/\/buragaleria.hu\/en\/kozosseg\/farkas-clara\/","og_site_name":"Bura Gal\u00e9ria","article_modified_time":"2026-01-20T09:38:53+00:00","og_image":[{"width":778,"height":778,"url":"https:\/\/buragaleria.hu\/wp-content\/uploads\/2026\/01\/farkas-clara.jpg","type":"image\/jpeg"}],"twitter_card":"summary_large_image","twitter_misc":{"Estimated reading time":"1 minute"},"schema":{"@context":"https:\/\/schema.org","@graph":[{"@type":"WebPage","@id":"https:\/\/buragaleria.hu\/kozosseg\/farkas-clara\/","url":"https:\/\/buragaleria.hu\/kozosseg\/farkas-clara\/","name":"Farkas Clara - Bura Gal\u00e9ria","isPartOf":{"@id":"https:\/\/buragaleria.hu\/#website"},"primaryImageOfPage":{"@id":"https:\/\/buragaleria.hu\/kozosseg\/farkas-clara\/#primaryimage"},"image":{"@id":"https:\/\/buragaleria.hu\/kozosseg\/farkas-clara\/#primaryimage"},"thumbnailUrl":"https:\/\/buragaleria.hu\/wp-content\/uploads\/2026\/01\/farkas-clara.jpg","datePublished":"2025-12-08T09:03:33+00:00","dateModified":"2026-01-20T09:38:53+00:00","description":"Sz\u00e1mos interdiszciplin\u00e1ris projektben m\u0171k\u00f6d\u00f6tt k\u00f6zre, t\u00f6bbek k\u00f6z\u00f6tt a Romak\u00e9p M\u0171hely alap\u00edt\u00f3tagjak\u00e9nt, a Gallery8-ban...","breadcrumb":{"@id":"https:\/\/buragaleria.hu\/kozosseg\/farkas-clara\/#breadcrumb"},"inLanguage":"en-GB","potentialAction":[{"@type":"ReadAction","target":["https:\/\/buragaleria.hu\/kozosseg\/farkas-clara\/"]}]},{"@type":"ImageObject","inLanguage":"en-GB","@id":"https:\/\/buragaleria.hu\/kozosseg\/farkas-clara\/#primaryimage","url":"https:\/\/buragaleria.hu\/wp-content\/uploads\/2026\/01\/farkas-clara.jpg","contentUrl":"https:\/\/buragaleria.hu\/wp-content\/uploads\/2026\/01\/farkas-clara.jpg","width":778,"height":778},{"@type":"BreadcrumbList","@id":"https:\/\/buragaleria.hu\/kozosseg\/farkas-clara\/#breadcrumb","itemListElement":[{"@type":"ListItem","position":1,"name":"Kezd\u0151lap","item":"https:\/\/buragaleria.hu\/"},{"@type":"ListItem","position":2,"name":"K\u00d6Z\u00d6SS\u00c9G","item":"https:\/\/buragaleria.hu\/kozosseg\/"},{"@type":"ListItem","position":3,"name":"Farkas Clara"}]},{"@type":"WebSite","@id":"https:\/\/buragaleria.hu\/#website","url":"https:\/\/buragaleria.hu\/","name":"Bura Gal\u00e9ria","description":"","publisher":{"@id":"https:\/\/buragaleria.hu\/#organization"},"potentialAction":[{"@type":"SearchAction","target":{"@type":"EntryPoint","urlTemplate":"https:\/\/buragaleria.hu\/?s={search_term_string}"},"query-input":{"@type":"PropertyValueSpecification","valueRequired":true,"valueName":"search_term_string"}}],"inLanguage":"en-GB"},{"@type":"Organization","@id":"https:\/\/buragaleria.hu\/#organization","name":"Bura Gal\u00e9ria","url":"https:\/\/buragaleria.hu\/","logo":{"@type":"ImageObject","inLanguage":"en-GB","@id":"https:\/\/buragaleria.hu\/#\/schema\/logo\/image\/","url":"https:\/\/buragaleria.hu\/wp-content\/uploads\/2025\/12\/cropped-BURAGALERIA-LOGO-PNG-1.png","contentUrl":"https:\/\/buragaleria.hu\/wp-content\/uploads\/2025\/12\/cropped-BURAGALERIA-LOGO-PNG-1.png","width":224,"height":224,"caption":"Bura Gal\u00e9ria"},"image":{"@id":"https:\/\/buragaleria.hu\/#\/schema\/logo\/image\/"}}]}},"_links":{"self":[{"href":"https:\/\/buragaleria.hu\/en\/wp-json\/wp\/v2\/pages\/42","targetHints":{"allow":["GET"]}}],"collection":[{"href":"https:\/\/buragaleria.hu\/en\/wp-json\/wp\/v2\/pages"}],"about":[{"href":"https:\/\/buragaleria.hu\/en\/wp-json\/wp\/v2\/types\/page"}],"author":[{"embeddable":true,"href":"https:\/\/buragaleria.hu\/en\/wp-json\/wp\/v2\/users\/1"}],"replies":[{"embeddable":true,"href":"https:\/\/buragaleria.hu\/en\/wp-json\/wp\/v2\/comments?post=42"}],"version-history":[{"count":4,"href":"https:\/\/buragaleria.hu\/en\/wp-json\/wp\/v2\/pages\/42\/revisions"}],"predecessor-version":[{"id":149,"href":"https:\/\/buragaleria.hu\/en\/wp-json\/wp\/v2\/pages\/42\/revisions\/149"}],"up":[{"embeddable":true,"href":"https:\/\/buragaleria.hu\/en\/wp-json\/wp\/v2\/pages\/17"}],"wp:featuredmedia":[{"embeddable":true,"href":"https:\/\/buragaleria.hu\/en\/wp-json\/wp\/v2\/media\/943"}],"wp:attachment":[{"href":"https:\/\/buragaleria.hu\/en\/wp-json\/wp\/v2\/media?parent=42"}],"curies":[{"name":"wp","href":"https:\/\/api.w.org\/{rel}","templated":true}]}}