{"id":519,"date":"2026-01-19T12:32:03","date_gmt":"2026-01-19T12:32:03","guid":{"rendered":"https:\/\/buragaleria.hu\/?page_id=519"},"modified":"2026-01-20T08:02:52","modified_gmt":"2026-01-20T08:02:52","slug":"rolunk","status":"publish","type":"page","link":"https:\/\/buragaleria.hu\/en\/rolunk\/","title":{"rendered":"R\u00f3lunk"},"content":{"rendered":"<h2 class=\"wp-block-heading\" id=\"h-tevekenysegunk\"><strong>Tev\u00e9kenys\u00e9g\u00fcnk<\/strong><\/h2>\n\n\n\n<p><\/p>\n\n\n\n<p>A Bura Gal\u00e9ria progressz\u00edv roma kort\u00e1rs m\u0171v\u00e9szeti gal\u00e9ria, amely Budapest VIII. ker\u00fclet\u00e9ben, a Palotanegyedben, a K\u0151farag\u00f3 utca 5. sz\u00e1m alatt m\u0171k\u00f6dik. A gal\u00e9ria szakmai \u00e9s szervezeti m\u0171k\u00f6d\u00e9s\u00e9t a Kort\u00e1rs Roma M\u0171v\u00e9szet Tere Egyes\u00fclet biztos\u00edtja.<\/p>\n\n\n\n<p>Ki\u00e1ll\u00edt\u00e1si \u00e9s programtev\u00e9kenys\u00e9g\u00fcnk k\u00f6z\u00e9ppontj\u00e1ban olyan roma \u00e9s nem roma m\u0171v\u00e9szek \u00e1llnak, akik munk\u00e1ikban a roma k\u00f6z\u00f6ss\u00e9geket \u00e9rint\u0151 t\u00e1rsadalmi, kultur\u00e1lis \u00e9s politikai k\u00e9rd\u00e9sekre reflekt\u00e1lnak, illetve a roma kult\u00far\u00e1t kort\u00e1rs m\u0171v\u00e9szeti kontextusban \u00e9rtelmezik \u00fajra. Kiemelten foglalkozunk azokkal a roma m\u0171v\u00e9szekkel, akik tudatosan kapcsol\u00f3dnak aktu\u00e1lis kort\u00e1rs m\u0171v\u00e9szeti ir\u00e1nyzatokhoz, \u00e9s munk\u00e1ikban kritikai, elm\u00e9leti \u00e9s konceptu\u00e1lis megk\u00f6zel\u00edt\u00e9seket alkalmaznak.<\/p>\n\n\n\n<p>A ki\u00e1ll\u00edt\u00e1sok mellett rendszeresen szervez\u00fcnk k\u00eds\u00e9r\u0151programokat \u2013 t\u00e1rlatvezet\u00e9seket, kerekasztal-besz\u00e9lget\u00e9seket, workshopokat \u00e9s el\u0151ad\u00e1sokat \u2013, amelyek a bemutatott m\u0171vek \u00e9rtelmez\u00e9s\u00e9t \u00e9s a kort\u00e1rs m\u0171v\u00e9szeti diskurzus elm\u00e9ly\u00edt\u00e9s\u00e9t szolg\u00e1lj\u00e1k. R\u00e9szt vesz\u00fcnk hazai \u00e9s nemzetk\u00f6zi m\u0171v\u00e9szeti esem\u00e9nyeken, fesztiv\u00e1lokon \u00e9s bienn\u00e1l\u00e9kon, akt\u00edvan kapcsol\u00f3dva a kort\u00e1rs m\u0171v\u00e9szeti h\u00e1l\u00f3zatokhoz.<\/p>\n\n\n\n<p>J\u00f3zsefv\u00e1rosi int\u00e9zm\u00e9nyk\u00e9nt fontosnak tartjuk, hogy szervesen illeszkedj\u00fcnk Budapest \u00e9s a ker\u00fclet kultur\u00e1lis \u00e9let\u00e9be, ugyanakkor tev\u00e9kenys\u00e9g\u00fcnket nem kiz\u00e1r\u00f3lag lok\u00e1lis keretben \u00e9rtelmezz\u00fck. Szoros kapcsolatot \u00e1polunk fels\u0151oktat\u00e1si int\u00e9zm\u00e9nyekkel \u00e9s oktat\u00f3kkal: egyetemi csoportok sz\u00e1m\u00e1ra szakmai t\u00e1rlatvezet\u00e9seket tartunk, valamint tartunk el\u0151ad\u00e1sokat \u00e9s m\u0171v\u00e9szeti workshopokat int\u00e9zm\u00e9nyi k\u00f6rnyezetben is.<\/p>\n\n\n\n<p>C\u00e9lunk, hogy a Bura Gal\u00e9ria ne csup\u00e1n a sz\u0171k szakmai k\u00f6zeg, hanem a sz\u00e9lesebb nyilv\u00e1noss\u00e1g sz\u00e1m\u00e1ra is \u00e9rtelmezhet\u0151 \u00e9s hozz\u00e1f\u00e9rhet\u0151 legyen. Ennek \u00e9rdek\u00e9ben kiemelt figyelmet ford\u00edtunk a k\u00f6zvet\u00edt\u00e9s \u00e9s az \u00e9rtelmez\u00e9s form\u00e1ira. A Bura Gal\u00e9ria ugyanakkor nem puszt\u00e1n int\u00e9zm\u00e9nyk\u00e9nt m\u0171k\u00f6dik: k\u00f6z\u00f6ss\u00e9gi t\u00e9rk\u00e9nt is \u00e9rtelmezz\u00fck magunkat, ahol a ki\u00e1ll\u00edt\u00f3 m\u0171v\u00e9szekkel k\u00f6z\u00f6sen alak\u00edtjuk a gal\u00e9ria szakmai programj\u00e1t \u00e9s ir\u00e1nyait.<\/p>\n\n\n\n<h2 class=\"wp-block-heading\" id=\"h-misszionk\"><strong>Misszi\u00f3nk<\/strong><\/h2>\n\n\n\n<p><\/p>\n\n\n\n<p>A Bura Gal\u00e9ria c\u00e9lja, hogy akt\u00edv szerepl\u0151je legyen a hazai \u00e9s a nemzetk\u00f6zi kort\u00e1rs m\u0171v\u00e9szeti szc\u00e9n\u00e1nak, \u00e9s l\u00e1that\u00f3v\u00e1 tegye a roma m\u0171v\u00e9szek munk\u00e1it, valamint a roma k\u00f6z\u00f6ss\u00e9gek n\u00e9z\u0151pontjait a kort\u00e1rs m\u0171v\u00e9szeti diskurzusban.<\/p>\n\n\n\n<p>Feladatunknak tekintj\u00fck hazai \u00e9s nemzetk\u00f6zi roma m\u0171v\u00e9szek bemutat\u00e1s\u00e1t, valamint olyan nem roma alkot\u00f3kkal val\u00f3 egy\u00fcttm\u0171k\u00f6d\u00e9st, akik \u00e9rz\u00e9kenyen \u00e9s reflekt\u00e1lt m\u00f3don viszonyulnak a roma k\u00f6z\u00f6ss\u00e9geket \u00e9rint\u0151 k\u00e9rd\u00e9sekhez, vagy szem\u00e9lyes \u00e9s kultur\u00e1lis k\u00f6t\u0151d\u00e9ssel rendelkeznek a roma kult\u00far\u00e1hoz.<\/p>\n\n\n\n<p>Kiemelt figyelmet ford\u00edtunk fiatal roma m\u0171v\u00e9szek t\u00e1mogat\u00e1s\u00e1ra: bemutatkoz\u00e1si lehet\u0151s\u00e9get biztos\u00edtunk sz\u00e1mukra, szakmai mentor\u00e1ci\u00f3t ny\u00fajtunk, \u00e9s el\u0151seg\u00edtj\u00fck kapcsol\u00f3d\u00e1sukat a kort\u00e1rs m\u0171v\u00e9szeti int\u00e9zm\u00e9nyrendszerhez. Mindezek mellett c\u00e9lunk, hogy a roma kult\u00far\u00e1r\u00f3l \u00e9s a roma k\u00f6z\u00f6ss\u00e9geket \u00e9rint\u0151 t\u00e1rsadalmi k\u00e9rd\u00e9sekr\u0151l kritikai p\u00e1rbesz\u00e9det folytassunk a m\u0171v\u00e9szet eszk\u00f6zeivel.<\/p>\n\n\n\n<h2 class=\"wp-block-heading\" id=\"h-hitvallasunk-ertekeink\">Hitvall\u00e1sunk \/ \u00e9rt\u00e9keink<\/h2>\n\n\n\n<p><\/p>\n\n\n\n<p>Hisz\u00fcnk abban, hogy a roma kult\u00fara a magyar \u00e9s az eur\u00f3pai kult\u00fara szerves r\u00e9sze, \u00e9s hogy nem kiz\u00e1r\u00f3lag t\u00f6rt\u00e9neti vagy folklorisztikus keretben \u00e9rtelmezhet\u0151, hanem a kort\u00e1rs kritikai narrat\u00edv\u00e1k akt\u00edv r\u00e9sztvev\u0151je.<\/p>\n\n\n\n<p>A Bura Gal\u00e9ria alapvet\u0151en progressz\u00edv kult\u00farafelfog\u00e1st k\u00e9pvisel. A kult\u00far\u00e1t nem statikus \u00f6r\u00f6ks\u00e9gk\u00e9nt, hanem \u00e9l\u0151, v\u00e1ltoz\u00f3 \u00e9s alak\u00edthat\u00f3 t\u00e1rsadalmi gyakorlatk\u00e9nt \u00e9rtelmezz\u00fck, amely k\u00e9pes reflekt\u00e1lni a jelen politikai, t\u00e1rsadalmi \u00e9s m\u0171v\u00e9szeti folyamataira. Mik\u00f6zben elismerj\u00fck a hagyom\u00e1ny \u00e9s az \u00e9rt\u00e9kmeg\u0151rz\u00e9s jelent\u0151s\u00e9g\u00e9t, a progressz\u00edv gondolkod\u00e1st nem ezek tagad\u00e1sak\u00e9nt, hanem tov\u00e1bbgondol\u00e1sak\u00e9nt \u00e9rtelmezz\u00fck.<\/p>\n\n\n\n<p>A roma kult\u00fara t\u00f6rt\u00e9netileg is nyitott, dinamikusan alakul\u00f3 kultur\u00e1lis forma, amely folyamatos p\u00e1rbesz\u00e9dben \u00e1ll m\u00e1s kult\u00far\u00e1kkal \u00e9s eszt\u00e9tikai rendszerekkel. Meggy\u0151z\u0151d\u00e9s\u00fcnk, hogy a kort\u00e1rs m\u0171v\u00e9szeti tendenci\u00e1k szervesen beilleszthet\u0151k ebbe a hagyom\u00e1nyba, \u00e9s alkalmasak \u00faj kritikai \u00e9s elm\u00e9leti narrat\u00edv\u00e1k l\u00e9trehoz\u00e1s\u00e1ra.<\/p>\n\n\n\n<p>A kritikai gondolkod\u00e1st alap\u00e9rt\u00e9knek tekintj\u00fck. Meggy\u0151z\u0151d\u00e9s\u00fcnk, hogy a kult\u00far\u00e1ban val\u00f3 r\u00e9szv\u00e9tel felel\u0151ss\u00e9ggel j\u00e1r, \u00e9s a m\u0171v\u00e9szet fontos eszk\u00f6ze annak, hogy reflexi\u00f3t fogalmazzunk meg a t\u00e1rsadalmi strukt\u00far\u00e1kr\u00f3l \u00e9s a d\u00f6nt\u00e9shozatali mechanizmusokr\u00f3l.<\/p>\n\n\n\n<p>Elk\u00f6telezettek vagyunk az inkl\u00fazi\u00f3 mellett: rom\u00e1k \u00e9s nem rom\u00e1k egy\u00fctt dolgoznak a gal\u00e9ria m\u0171k\u00f6d\u00e9s\u00e9ben. Kiemelten fontosnak tartjuk a roma szakemberek jelenl\u00e9t\u00e9t a kultur\u00e1lis int\u00e9zm\u00e9nyrendszerben, mik\u00f6zben roma int\u00e9zm\u00e9nyk\u00e9nt nyitottak maradunk a nem roma k\u00f6zrem\u0171k\u00f6d\u0151k fel\u00e9 is.<\/p>\n\n\n\n<p>Hisz\u00fcnk az eur\u00f3pai alap\u00e9rt\u00e9kekben: az emberi m\u00e9lt\u00f3s\u00e1g, a szabads\u00e1g, a demokr\u00e1cia, az egyenl\u0151s\u00e9g, a jog\u00e1llamis\u00e1g \u00e9s az emberi jogok tisztelet\u00e9ben. Fontos sz\u00e1munkra az interszekcion\u00e1lis megk\u00f6zel\u00edt\u00e9s: ki\u00e1llunk az elnyomott etnikai, vall\u00e1si, nemi \u00e9s szexu\u00e1lis kisebbs\u00e9gek mellett, \u00e9s rendszerszinten vizsg\u00e1ljuk a t\u00e1rsadalmi \u00e9s jogi egyenl\u0151tlens\u00e9geket.<\/p>\n\n\n\n<h2 class=\"wp-block-heading\" id=\"h-tortenetunk\">T\u00f6rt\u00e9net\u00fcnk<\/h2>\n\n\n\n<p><\/p>\n\n\n\n<p>A gal\u00e9ri\u00e1t 2021-ben a Roma Parlament Alap\u00edtv\u00e1ny hozta l\u00e9tre Bura K\u00e1roly Gal\u00e9ria n\u00e9ven, Horv\u00e1th Alad\u00e1r, az alap\u00edtv\u00e1ny eln\u00f6k\u00e9nek kezdem\u00e9nyez\u00e9s\u00e9re. A Roma Parlament t\u00f6bb mint harminc \u00e9ve a hazai roma mozgalom egyik meghat\u00e1roz\u00f3 int\u00e9zm\u00e9nye.<\/p>\n\n\n\n<p>A gal\u00e9ria eredeti c\u00e9lja a Roma Parlament k\u00e9pz\u0151m\u0171v\u00e9szeti gy\u0171jtem\u00e9ny\u00e9nek bemutat\u00e1sa, valamint kort\u00e1rs roma m\u0171v\u00e9szek sz\u00e1m\u00e1ra ki\u00e1ll\u00edt\u00e1si lehet\u0151s\u00e9g biztos\u00edt\u00e1sa volt. A gy\u0171jtem\u00e9nyt az id\u0151sebb gener\u00e1ci\u00f3 roma m\u0171v\u00e9szeinek munk\u00e1i alkotj\u00e1k, amelyek kor\u00e1bban a Tavaszmez\u0151 utcai sz\u00e9kh\u00e1zban voltak l\u00e1that\u00f3k. Az \u00e9p\u00fcletet 2016-ban az \u00e1llam visszavette, az \u00edg\u00e9rt \u00faj roma kultur\u00e1lis int\u00e9zm\u00e9ny azonban az\u00f3ta sem val\u00f3sult meg, \u00edgy a gy\u0171jtem\u00e9ny hossz\u00fa id\u0151re rakt\u00e1rba k\u00e9nyszer\u00fclt.<\/p>\n\n\n\n<p>2021-ben J\u00f3zsefv\u00e1ros \u00faj vezet\u00e9se biztos\u00edtotta a K\u0151farag\u00f3 utcai \u00e9p\u00fcletet, lehet\u0151v\u00e9 t\u00e9ve a gy\u0171jtem\u00e9ny ism\u00e9telt bemutat\u00e1s\u00e1t \u00e9s egy roma gal\u00e9ria l\u00e9trej\u00f6tt\u00e9t. Az int\u00e9zm\u00e9ny nev\u00e9t Bura K\u00e1roly (1881\u20131934) cig\u00e1nypr\u00edm\u00e1sr\u00f3l kapta, aki ebben az \u00e9p\u00fcletben \u00e9lt, \u00e9s v\u00e9grendelet\u00e9ben egy cig\u00e1nym\u00fazeum l\u00e9trehoz\u00e1s\u00e1t kezdem\u00e9nyezte.<\/p>\n\n\n\n<p>2023-ban Ol\u00e1h Norbert Darabok c\u00edm\u0171 ki\u00e1ll\u00edt\u00e1sa ny\u00edlt meg a gal\u00e9ri\u00e1ban, amely a 2021-es OFF-Bienn\u00e1l\u00e9n bemutatott&nbsp;<em>A cig\u00e1ny m\u0171v\u00e9sz szorong\u00e1sa<\/em>&nbsp;c\u00edm\u0171 install\u00e1ci\u00f3 tov\u00e1bbgondol\u00e1sa volt. A ki\u00e1ll\u00edt\u00e1s szakmai \u00e9s k\u00f6z\u00f6ns\u00e9gsikere meghat\u00e1roz\u00f3 fordul\u00f3pontot jelentett az int\u00e9zm\u00e9ny \u00e9let\u00e9ben.<\/p>\n\n\n\n<p>Ezt k\u00f6vet\u0151en a Roma Parlament vezet\u00e9se lehet\u0151s\u00e9get biztos\u00edtott egy fiatalabb gener\u00e1ci\u00f3 sz\u00e1m\u00e1ra, amely kialak\u00edtotta a Bura Gal\u00e9ria \u00faj arculat\u00e1t \u00e9s szakmai szeml\u00e9let\u00e9t. Ett\u0151l kezdve a gal\u00e9ria progressz\u00edv roma kort\u00e1rs m\u0171v\u00e9szeti int\u00e9zm\u00e9nyk\u00e9nt m\u0171k\u00f6dik.<\/p>\n\n\n\n<p>Jelenleg a Bura Gal\u00e9ria munk\u00e1j\u00e1t <a href=\"https:\/\/buragaleria.hu\/en\/kozosseg\/farkas-clara\/\">Farkas Clara<\/a> strat\u00e9giai vezet\u0151, <a href=\"https:\/\/buragaleria.hu\/en\/kozosseg\/lakatos-nikoletta\/\">Lakatos Nikoletta<\/a> operat\u00edv vezet\u0151 \u00e9s <a href=\"https:\/\/buragaleria.hu\/en\/kozosseg\/olah-norber\/\">Ol\u00e1h Norbert<\/a> m\u0171v\u00e9szeti vezet\u0151 szervezi.<\/p>\n\n\n\n<p><\/p>","protected":false},"excerpt":{"rendered":"<p>Tev\u00e9kenys\u00e9g\u00fcnk A Bura Gal\u00e9ria progressz\u00edv roma kort\u00e1rs m\u0171v\u00e9szeti gal\u00e9ria, amely Budapest VIII. ker\u00fclet\u00e9ben, a Palotanegyedben, a K\u0151farag\u00f3 utca 5. sz\u00e1m alatt m\u0171k\u00f6dik. A gal\u00e9ria szakmai \u00e9s szervezeti m\u0171k\u00f6d\u00e9s\u00e9t a Kort\u00e1rs Roma M\u0171v\u00e9szet Tere Egyes\u00fclet biztos\u00edtja. Ki\u00e1ll\u00edt\u00e1si \u00e9s programtev\u00e9kenys\u00e9g\u00fcnk k\u00f6z\u00e9ppontj\u00e1ban olyan roma \u00e9s nem roma m\u0171v\u00e9szek \u00e1llnak, akik munk\u00e1ikban a roma k\u00f6z\u00f6ss\u00e9geket \u00e9rint\u0151 t\u00e1rsadalmi, kultur\u00e1lis \u00e9s [&hellip;]<\/p>\n<p><a href=\"https:\/\/buragaleria.hu\/en\/rolunk\/\" class=\"more\">see more<\/a><\/p>","protected":false},"author":1,"featured_media":0,"parent":0,"menu_order":0,"comment_status":"closed","ping_status":"closed","template":"page-bura.php","meta":{"_acf_changed":false,"footnotes":""},"class_list":["post-519","page","type-page","status-publish","hentry"],"acf":[],"yoast_head":"<!-- This site is optimized with the Yoast SEO Premium plugin v26.2 (Yoast SEO v26.5) - https:\/\/yoast.com\/wordpress\/plugins\/seo\/ -->\n<title>R\u00f3lunk - Bura Gal\u00e9ria<\/title>\n<meta name=\"description\" content=\"A gal\u00e9ria nev\u00e9t Bura K\u00e1roly heged\u0171m\u0171v\u00e9szr\u0151l kapta, aki v\u00e9grendelet\u00e9ben otthon\u00e1t egy leend\u0151 roma m\u00fazeum t\u00e1mogat\u00e1s\u00e1ra aj\u00e1nlotta fel.\" \/>\n<meta name=\"robots\" content=\"index, follow, max-snippet:-1, max-image-preview:large, max-video-preview:-1\" \/>\n<link rel=\"canonical\" href=\"https:\/\/buragaleria.hu\/en\/rolunk\/\" \/>\n<meta property=\"og:locale\" content=\"en_GB\" \/>\n<meta property=\"og:type\" content=\"article\" \/>\n<meta property=\"og:title\" content=\"R\u00f3lunk\" \/>\n<meta property=\"og:description\" content=\"A gal\u00e9ria nev\u00e9t Bura K\u00e1roly heged\u0171m\u0171v\u00e9szr\u0151l kapta, aki v\u00e9grendelet\u00e9ben otthon\u00e1t egy leend\u0151 roma m\u00fazeum t\u00e1mogat\u00e1s\u00e1ra aj\u00e1nlotta fel.\" \/>\n<meta property=\"og:url\" content=\"https:\/\/buragaleria.hu\/en\/rolunk\/\" \/>\n<meta property=\"og:site_name\" content=\"Bura Gal\u00e9ria\" \/>\n<meta property=\"article:modified_time\" content=\"2026-01-20T08:02:52+00:00\" \/>\n<meta name=\"twitter:card\" content=\"summary_large_image\" \/>\n<meta name=\"twitter:label1\" content=\"Estimated reading time\" \/>\n\t<meta name=\"twitter:data1\" content=\"5 minutes\" \/>\n<script type=\"application\/ld+json\" class=\"yoast-schema-graph\">{\"@context\":\"https:\/\/schema.org\",\"@graph\":[{\"@type\":\"WebPage\",\"@id\":\"https:\/\/buragaleria.hu\/rolunk\/\",\"url\":\"https:\/\/buragaleria.hu\/rolunk\/\",\"name\":\"R\u00f3lunk - Bura Gal\u00e9ria\",\"isPartOf\":{\"@id\":\"https:\/\/buragaleria.hu\/#website\"},\"datePublished\":\"2026-01-19T12:32:03+00:00\",\"dateModified\":\"2026-01-20T08:02:52+00:00\",\"description\":\"A gal\u00e9ria nev\u00e9t Bura K\u00e1roly heged\u0171m\u0171v\u00e9szr\u0151l kapta, aki v\u00e9grendelet\u00e9ben otthon\u00e1t egy leend\u0151 roma m\u00fazeum t\u00e1mogat\u00e1s\u00e1ra aj\u00e1nlotta fel.\",\"breadcrumb\":{\"@id\":\"https:\/\/buragaleria.hu\/rolunk\/#breadcrumb\"},\"inLanguage\":\"en-GB\",\"potentialAction\":[{\"@type\":\"ReadAction\",\"target\":[\"https:\/\/buragaleria.hu\/rolunk\/\"]}]},{\"@type\":\"BreadcrumbList\",\"@id\":\"https:\/\/buragaleria.hu\/rolunk\/#breadcrumb\",\"itemListElement\":[{\"@type\":\"ListItem\",\"position\":1,\"name\":\"Kezd\u0151lap\",\"item\":\"https:\/\/buragaleria.hu\/\"},{\"@type\":\"ListItem\",\"position\":2,\"name\":\"R\u00f3lunk\"}]},{\"@type\":\"WebSite\",\"@id\":\"https:\/\/buragaleria.hu\/#website\",\"url\":\"https:\/\/buragaleria.hu\/\",\"name\":\"Bura Gal\u00e9ria\",\"description\":\"\",\"publisher\":{\"@id\":\"https:\/\/buragaleria.hu\/#organization\"},\"potentialAction\":[{\"@type\":\"SearchAction\",\"target\":{\"@type\":\"EntryPoint\",\"urlTemplate\":\"https:\/\/buragaleria.hu\/?s={search_term_string}\"},\"query-input\":{\"@type\":\"PropertyValueSpecification\",\"valueRequired\":true,\"valueName\":\"search_term_string\"}}],\"inLanguage\":\"en-GB\"},{\"@type\":\"Organization\",\"@id\":\"https:\/\/buragaleria.hu\/#organization\",\"name\":\"Bura Gal\u00e9ria\",\"url\":\"https:\/\/buragaleria.hu\/\",\"logo\":{\"@type\":\"ImageObject\",\"inLanguage\":\"en-GB\",\"@id\":\"https:\/\/buragaleria.hu\/#\/schema\/logo\/image\/\",\"url\":\"https:\/\/buragaleria.hu\/wp-content\/uploads\/2025\/12\/cropped-BURAGALERIA-LOGO-PNG-1.png\",\"contentUrl\":\"https:\/\/buragaleria.hu\/wp-content\/uploads\/2025\/12\/cropped-BURAGALERIA-LOGO-PNG-1.png\",\"width\":224,\"height\":224,\"caption\":\"Bura Gal\u00e9ria\"},\"image\":{\"@id\":\"https:\/\/buragaleria.hu\/#\/schema\/logo\/image\/\"}}]}<\/script>\n<!-- \/ Yoast SEO Premium plugin. -->","yoast_head_json":{"title":"R\u00f3lunk - Bura Gal\u00e9ria","description":"A gal\u00e9ria nev\u00e9t Bura K\u00e1roly heged\u0171m\u0171v\u00e9szr\u0151l kapta, aki v\u00e9grendelet\u00e9ben otthon\u00e1t egy leend\u0151 roma m\u00fazeum t\u00e1mogat\u00e1s\u00e1ra aj\u00e1nlotta fel.","robots":{"index":"index","follow":"follow","max-snippet":"max-snippet:-1","max-image-preview":"max-image-preview:large","max-video-preview":"max-video-preview:-1"},"canonical":"https:\/\/buragaleria.hu\/en\/rolunk\/","og_locale":"en_GB","og_type":"article","og_title":"R\u00f3lunk","og_description":"A gal\u00e9ria nev\u00e9t Bura K\u00e1roly heged\u0171m\u0171v\u00e9szr\u0151l kapta, aki v\u00e9grendelet\u00e9ben otthon\u00e1t egy leend\u0151 roma m\u00fazeum t\u00e1mogat\u00e1s\u00e1ra aj\u00e1nlotta fel.","og_url":"https:\/\/buragaleria.hu\/en\/rolunk\/","og_site_name":"Bura Gal\u00e9ria","article_modified_time":"2026-01-20T08:02:52+00:00","twitter_card":"summary_large_image","twitter_misc":{"Estimated reading time":"5 minutes"},"schema":{"@context":"https:\/\/schema.org","@graph":[{"@type":"WebPage","@id":"https:\/\/buragaleria.hu\/rolunk\/","url":"https:\/\/buragaleria.hu\/rolunk\/","name":"R\u00f3lunk - Bura Gal\u00e9ria","isPartOf":{"@id":"https:\/\/buragaleria.hu\/#website"},"datePublished":"2026-01-19T12:32:03+00:00","dateModified":"2026-01-20T08:02:52+00:00","description":"A gal\u00e9ria nev\u00e9t Bura K\u00e1roly heged\u0171m\u0171v\u00e9szr\u0151l kapta, aki v\u00e9grendelet\u00e9ben otthon\u00e1t egy leend\u0151 roma m\u00fazeum t\u00e1mogat\u00e1s\u00e1ra aj\u00e1nlotta fel.","breadcrumb":{"@id":"https:\/\/buragaleria.hu\/rolunk\/#breadcrumb"},"inLanguage":"en-GB","potentialAction":[{"@type":"ReadAction","target":["https:\/\/buragaleria.hu\/rolunk\/"]}]},{"@type":"BreadcrumbList","@id":"https:\/\/buragaleria.hu\/rolunk\/#breadcrumb","itemListElement":[{"@type":"ListItem","position":1,"name":"Kezd\u0151lap","item":"https:\/\/buragaleria.hu\/"},{"@type":"ListItem","position":2,"name":"R\u00f3lunk"}]},{"@type":"WebSite","@id":"https:\/\/buragaleria.hu\/#website","url":"https:\/\/buragaleria.hu\/","name":"Bura Gal\u00e9ria","description":"","publisher":{"@id":"https:\/\/buragaleria.hu\/#organization"},"potentialAction":[{"@type":"SearchAction","target":{"@type":"EntryPoint","urlTemplate":"https:\/\/buragaleria.hu\/?s={search_term_string}"},"query-input":{"@type":"PropertyValueSpecification","valueRequired":true,"valueName":"search_term_string"}}],"inLanguage":"en-GB"},{"@type":"Organization","@id":"https:\/\/buragaleria.hu\/#organization","name":"Bura Gal\u00e9ria","url":"https:\/\/buragaleria.hu\/","logo":{"@type":"ImageObject","inLanguage":"en-GB","@id":"https:\/\/buragaleria.hu\/#\/schema\/logo\/image\/","url":"https:\/\/buragaleria.hu\/wp-content\/uploads\/2025\/12\/cropped-BURAGALERIA-LOGO-PNG-1.png","contentUrl":"https:\/\/buragaleria.hu\/wp-content\/uploads\/2025\/12\/cropped-BURAGALERIA-LOGO-PNG-1.png","width":224,"height":224,"caption":"Bura Gal\u00e9ria"},"image":{"@id":"https:\/\/buragaleria.hu\/#\/schema\/logo\/image\/"}}]}},"_links":{"self":[{"href":"https:\/\/buragaleria.hu\/en\/wp-json\/wp\/v2\/pages\/519","targetHints":{"allow":["GET"]}}],"collection":[{"href":"https:\/\/buragaleria.hu\/en\/wp-json\/wp\/v2\/pages"}],"about":[{"href":"https:\/\/buragaleria.hu\/en\/wp-json\/wp\/v2\/types\/page"}],"author":[{"embeddable":true,"href":"https:\/\/buragaleria.hu\/en\/wp-json\/wp\/v2\/users\/1"}],"replies":[{"embeddable":true,"href":"https:\/\/buragaleria.hu\/en\/wp-json\/wp\/v2\/comments?post=519"}],"version-history":[{"count":5,"href":"https:\/\/buragaleria.hu\/en\/wp-json\/wp\/v2\/pages\/519\/revisions"}],"predecessor-version":[{"id":918,"href":"https:\/\/buragaleria.hu\/en\/wp-json\/wp\/v2\/pages\/519\/revisions\/918"}],"wp:attachment":[{"href":"https:\/\/buragaleria.hu\/en\/wp-json\/wp\/v2\/media?parent=519"}],"curies":[{"name":"wp","href":"https:\/\/api.w.org\/{rel}","templated":true}]}}