{"id":542,"date":"2026-01-19T18:14:12","date_gmt":"2026-01-19T18:14:12","guid":{"rendered":"https:\/\/buragaleria.hu\/?page_id=542"},"modified":"2026-02-07T07:16:34","modified_gmt":"2026-02-07T07:16:34","slug":"rova-2026","status":"publish","type":"page","link":"https:\/\/buragaleria.hu\/en\/rova-2026\/","title":{"rendered":"ROVA 2026"},"content":{"rendered":"<figure class=\"wp-block-image size-full\"><img loading=\"lazy\" decoding=\"async\" width=\"2382\" height=\"333\" src=\"https:\/\/buragaleria.hu\/wp-content\/uploads\/2026\/01\/fejlec.jpg.png\" alt=\"\" class=\"wp-image-926\" srcset=\"https:\/\/buragaleria.hu\/wp-content\/uploads\/2026\/01\/fejlec.jpg.png 2382w, https:\/\/buragaleria.hu\/wp-content\/uploads\/2026\/01\/fejlec.jpg-300x42.png 300w, https:\/\/buragaleria.hu\/wp-content\/uploads\/2026\/01\/fejlec.jpg-1024x143.png 1024w, https:\/\/buragaleria.hu\/wp-content\/uploads\/2026\/01\/fejlec.jpg-18x3.png 18w\" sizes=\"auto, (max-width: 2382px) 100vw, 2382px\" \/><\/figure>\n\n\n\n<h2 class=\"wp-block-heading\" id=\"h-alarcok-nbsp-workshop\"><em>\u00c1LARCOK<\/em>&nbsp;WORKSHOP<\/h2>\n\n\n\n<h4 class=\"wp-block-heading\" id=\"h-ket-hetveges-tarsadalomkritikai-muveszeti-workshop-nbsp-a-bura-galeria-muveszeivel\">K\u00e9t h\u00e9tv\u00e9g\u00e9s t\u00e1rsadalomkritikai m\u0171v\u00e9szeti workshop&nbsp;a Bura Gal\u00e9ria m\u0171v\u00e9szeivel<\/h4>\n\n\n\n<p>A diszkrimin\u00e1ci\u00f3 k\u00f6vetkezt\u00e9ben sok roma fiatal \u00fagy&nbsp;\u00e9rzi, nincs val\u00f3di helye a k\u00f6z\u00e9letben, hangja kev\u00e9ss\u00e9&nbsp;hallhat\u00f3, v\u00e9lem\u00e9nye nem sz\u00e1m\u00edt. A program c\u00e9lja a k\u00f6z\u00e9leti r\u00e9szv\u00e9tel fogalm\u00e1nak \u00fajradefini\u00e1l\u00e1sa: olyan&nbsp;\u00f6nreprezent\u00e1ci\u00f3s lehet\u0151s\u00e9gek megteremt\u00e9se, amelyekben a r\u00e9sztvev\u0151k saj\u00e1t hangjukat, szerep\u00fcket&nbsp;\u00e9s jelenl\u00e9t\u00fcket er\u0151s\u00edthetik a t\u00e1rsadalmi p\u00e1rbesz\u00e9dben&nbsp;\u00e9s a d\u00f6nt\u00e9shozatali folyamatokhoz kapcsol\u00f3d\u00f3 diskurzusokban.<\/p>\n\n\n\n<p>A workshop m\u0171v\u00e9szeti&nbsp;\u00e9s eduk\u00e1ci\u00f3s esem\u00e9nyeken kereszt\u00fcl hoz l\u00e9tre k\u00f6z\u00f6ss\u00e9gi&nbsp;\u00e9lm\u00e9nyeket, amelyek a k\u00f6z\u00e9leti szerepv\u00e1llal\u00e1st \u00faj, pozit\u00edv jelent\u00e9ssel t\u00f6ltik meg. A&nbsp;maszk, mint szimb\u00f3lum seg\u00edts\u00e9g\u00e9vel a r\u00e9sztvev\u0151k a l\u00e1that\u00f3s\u00e1g, az elv\u00e1r\u00e1sok&nbsp;\u00e9s az identit\u00e1s k\u00e9rd\u00e9seit vizsg\u00e1lj\u00e1k kreat\u00edv form\u00e1ban.<\/p>\n\n\n\n<h4 class=\"wp-block-heading\">A WORKSHOP FEL\u00c9P\u00cdT\u00c9SE<\/h4>\n\n\n\n<p><\/p>\n\n\n\n<p>Els\u0151 h\u00e9tv\u00e9ge&nbsp;\u2013 tud\u00e1s,&nbsp;\u00f6nreprezent\u00e1ci\u00f3, alkot\u00e1s<br>Az els\u0151 h\u00e9tv\u00e9g\u00e9n szak\u00e9rt\u0151k&nbsp;\u00e9s egyetemi oktat\u00f3k egy r\u00f6vid kurzus keret\u00e9ben mutatj\u00e1k be az \u00e1llampolg\u00e1ri ismeretek alapjait, a magyarorsz\u00e1gi roma mozgalom m\u00faltj\u00e1t&nbsp;\u00e9s jelen\u00e9t, valamint az&nbsp;\u00f6nreprezent\u00e1ci\u00f3 szerep\u00e9t a kult\u00far\u00e1ban&nbsp;\u00e9s a k\u00f6z\u00e9letben.<br>Kort\u00e1rs k\u00e9pz\u0151m\u0171v\u00e9szek vezet\u00e9s\u00e9vel egy\u00e9ni&nbsp;\u00e9s csoportos munk\u00e1ban m\u0171veket&nbsp;\u00e9s m\u00e9diatartalmakat hozhattok l\u00e9tre, amelyek az \u00e1ltalatok fontosnak tartott t\u00e1rsadalmi k\u00e9rd\u00e9sekre reflekt\u00e1lnak.<\/p>\n\n\n\n<p>M\u00e1sodik h\u00e9tv\u00e9ge&nbsp;\u2013&nbsp;humor, ir\u00f3nia, politikai szat\u00edra<br>A m\u00e1sodik h\u00e9tv\u00e9g\u00e9n a humor, az abszurd&nbsp;\u00e9s az ir\u00f3nia eszk\u00f6zeivel dolgozunk, a politikai szat\u00edra m\u0171faj\u00e1n kereszt\u00fcl. A humor&nbsp;\u00e9s a kifigur\u00e1z\u00e1s nem a komolytalans\u00e1g jele, hanem a szorong\u00e1s feldolgoz\u00e1s\u00e1nak&nbsp;\u00e9s a kritikus gondolkod\u00e1snak az eszk\u00f6ze.<br>El\u0151ad\u00e1sokat hallhattok a politikai m\u0171v\u00e9szetr\u0151l, a dadaizmusr\u00f3l&nbsp;\u00e9s a kort\u00e1rs magyar politikai szat\u00edr\u00e1r\u00f3l, majd csoportos koncepci\u00f3alkot\u00e1s&nbsp;\u00e9s k\u00f6z\u00f6s alkot\u00e1s sor\u00e1n megfogalmazhatj\u00e1tok saj\u00e1t humoros, kritikus v\u00e1laszaitokat a jelen politikai val\u00f3s\u00e1g\u00e1ra.<\/p>\n\n\n\n<h4 class=\"wp-block-heading\">MEGJELEN\u00c9S<\/h4>\n\n\n\n<p><\/p>\n\n\n\n<p>Az elk\u00e9sz\u00fclt munk\u00e1k a&nbsp;Bura Gal\u00e9ria k\u00e9t tavaszi ki\u00e1ll\u00edt\u00e1s\u00e1n&nbsp;szerepelnek, valamint a digit\u00e1lis tartalmak megjelennek a gal\u00e9ria online fel\u00fcletein.<\/p>\n\n\n\n<p>A projekt t\u00e9m\u00e1ja a v\u00e1laszt\u00e1sokhoz, a politikai kommunik\u00e1ci\u00f3hoz&nbsp;\u00e9s a rom\u00e1k k\u00f6z\u00e9leti szerepv\u00e1llal\u00e1s\u00e1hoz kapcsol\u00f3dik. A r\u00e9sztvev\u0151k szabadon v\u00e1llalhatj\u00e1k v\u00e9lem\u00e9ny\u00fcket&nbsp;\u00e9s gondolataikat, ugyanakkor a program&nbsp;nem k\u00e9pvisel&nbsp;\u00e9s nem t\u00e1mogat egyetlen politikai p\u00e1rtot sem.<\/p>\n\n\n\n<p>A workshop&nbsp;h\u00e1rom v\u00e1rosban&nbsp;val\u00f3sul meg:&nbsp;Budapesten, P\u00e9csen&nbsp;\u00e9s Miskolcon.<\/p>\n\n\n\n<h4 class=\"wp-block-heading\">AMIT MI TUDUNK ADNI<\/h4>\n\n\n\n<ul class=\"wp-block-list\">\n<li>izgalmas el\u0151ad\u00e1sok az aktivizmus&nbsp;\u00e9s a kult\u00fara metsz\u00e9spontjair\u00f3l<\/li>\n\n\n\n<li>szabadk\u00e9zi&nbsp;\u00e9s digit\u00e1lis m\u0171helymunka kort\u00e1rs k\u00e9pz\u0151m\u0171v\u00e9szekkel<\/li>\n\n\n\n<li>az alkot\u00e1shoz sz\u00fcks\u00e9ges eszk\u00f6z\u00f6ket&nbsp;\u00e9s alapanyagokat biztos\u00edtjuk<\/li>\n\n\n\n<li>r\u00e9szv\u00e9tel ki\u00e1ll\u00edt\u00e1sokon&nbsp;\u00e9s kapcsol\u00f3d\u00f3 esem\u00e9nyeken<\/li>\n\n\n\n<li>megjelen\u00e9si lehet\u0151s\u00e9g a Bura Gal\u00e9ria ki\u00e1ll\u00edt\u00e1sain<\/li>\n<\/ul>\n\n\n\n<h4 class=\"wp-block-heading\">AKIKET KERES\u00dcNK<\/h4>\n\n\n\n<ul class=\"wp-block-list\">\n<li>16\u201335\u00a0\u00e9v k\u00f6z\u00f6tti, magukat rom\u00e1nak vall\u00f3 fiatalokat<\/li>\n\n\n\n<li>akiket&nbsp;\u00e9rdekel a k\u00f6z\u00e9let, a t\u00e1rsadalmilag reflekt\u00edv m\u0171v\u00e9szet&nbsp;\u00e9s a civil aktivizmus<\/li>\n\n\n\n<li>kreat\u00edv&nbsp;\u00e9rdekl\u0151d\u00e9s vagy tapasztalat (\u00edr\u00e1s, rajz, fot\u00f3, vide\u00f3, digit\u00e1lis k\u00e9palkot\u00e1s, performansz, textil, stb.)<\/li>\n\n\n\n<li>nem felt\u00e9tel m\u0171v\u00e9szeti v\u00e9gzetts\u00e9g: tanulm\u00e1nyaidb\u00f3l, munk\u00e1db\u00f3l vagy aktivista tapasztalataidb\u00f3l van r\u00e1l\u00e1t\u00e1sod t\u00e1rsadalmi k\u00e9rd\u00e9sekre<\/li>\n\n\n\n<li>a megadott v\u00e1rosokban vagy vonz\u00e1sk\u00f6rzet\u00fckben&nbsp;\u00e9lsz, vagy oda tudsz utazni<\/li>\n\n\n\n<li>v\u00e1llalod, hogy felel\u0151ss\u00e9gteljesen v\u00e9gig r\u00e9szt veszel a k\u00e9t h\u00e9tv\u00e9g\u00e9n az \u00e1ltalad v\u00e1lasztott helysz\u00ednen<\/li>\n\n\n\n<li>fontos sz\u00e1modra a p\u00e1rbesz\u00e9d: megosztod a v\u00e9lem\u00e9nyedet&nbsp;\u00e9s a dilemm\u00e1idat, van humorod,&nbsp;\u00e9s szeretsz k\u00f6z\u00f6sen gondolkodni&nbsp;\u00e9s alkotni<\/li>\n<\/ul>\n\n\n\n<h4 class=\"wp-block-heading\">JELENTKEZ\u00c9S MENETE<\/h4>\n\n\n\n<p><\/p>\n\n\n\n<p>A workshopra&nbsp;korl\u00e1tozott sz\u00e1mban tudunk r\u00e9sztvev\u0151ket fogadni, ez\u00e9rt a jelentkez\u00e9sek&nbsp;elb\u00edr\u00e1l\u00e1sa p\u00e1ly\u00e1zati alapon t\u00f6rt\u00e9nik.<\/p>\n\n\n\n<p>\u00cdrj\u00a0egy p\u00e1r soros bemutatkoz\u00f3 levelet, amelyben le\u00edrod, mi\u00e9rt szeretn\u00e9l r\u00e9szt venni a workshopon,\u00a0\u00e9s mit tudn\u00e1l hozz\u00e1adni a programhoz.<\/p>\n\n\n\n<p>A jelentkez\u00e9seket a&nbsp;<strong><a href=\"mailto:alarcok@buragaleria.hu\">alarcok@buragaleria.hu<\/a><\/strong>&nbsp;c\u00edmre v\u00e1rjuk.<\/p>\n\n\n\n<p>Az email t\u00e1rgya:<br>\u00c1LARCOK + HELYSZ\u00cdN<br>(pl.:&nbsp;\u00c1LARCOK BUDAPEST,&nbsp;\u00c1LARCOK P\u00c9CS,&nbsp;\u00c1LARCOK MISKOLC)<\/p>\n\n\n\n<h2 class=\"wp-block-heading\" id=\"h-nbsp\">&nbsp;<\/h2>\n\n\n\n<h4 class=\"wp-block-heading\">ID\u0150PONTOK<\/h4>\n\n\n\n<p><\/p>\n\n\n\n<p><strong>Budapest<\/strong><\/p>\n\n\n\n<ol class=\"wp-block-list\">\n<li>h\u00e9tv\u00e9ge: m\u00e1rcius 13. d\u00e9lut\u00e1n, 14\u201315.<\/li>\n\n\n\n<li>h\u00e9tv\u00e9ge: m\u00e1rcius 21-22.<\/li>\n<\/ol>\n\n\n\n<p>Jelentkez\u00e9si hat\u00e1rid\u0151: m\u00e1rcius 1.<\/p>\n\n\n\n<p><strong>P\u00e9cs<\/strong><\/p>\n\n\n\n<ol class=\"wp-block-list\">\n<li>h\u00e9tv\u00e9ge: febru\u00e1r 20. d\u00e9lut\u00e1n, 21\u201322.<\/li>\n\n\n\n<li>h\u00e9tv\u00e9ge: febru\u00e1r 28- m\u00e1rcius 1.<\/li>\n<\/ol>\n\n\n\n<p>Jelentkez\u00e9si hat\u00e1rid\u0151: febru\u00e1r 8.<\/p>\n\n\n\n<p><strong>Miskolc<\/strong><\/p>\n\n\n\n<ol class=\"wp-block-list\">\n<li>h\u00e9tv\u00e9ge: febru\u00e1r 27. d\u00e9lut\u00e1n, 28 \u2013 m\u00e1rcius 1.<\/li>\n\n\n\n<li>h\u00e9tv\u00e9ge: m\u00e1rcius 14\u201315.<\/li>\n<\/ol>\n\n\n\n<p>Jelentkez\u00e9si hat\u00e1rid\u0151: febru\u00e1r 15.<\/p>\n\n\n\n<p>Nagyon v\u00e1rjuk a k\u00f6z\u00f6s munk\u00e1t&nbsp;\u00e9s a&nbsp;tapasztalatcser\u00e9t!<br>Jelentkezz b\u00e1tran!<\/p>\n\n\n\n<p><p id=\"h-\" style=\"margin-bottom:100px\"><em>Ezt a tev\u00e9kenys\u00e9get az Eur\u00f3pai Uni\u00f3 finansz\u00edrozza a ROVA &#8211; Rom\u00e1k a V\u00e1ltoz\u00e1s\u00e9rt projekt&nbsp;keret\u00e9ben, amelyet Magyarorsz\u00e1gon az Auton\u00f3mia Alap\u00edtv\u00e1ny koordin\u00e1l.<\/em><\/p><\/p>\n\n\n\n<figure class=\"wp-block-image size-medium is-resized\" style=\"float:left;margin-right:1vw\"><img loading=\"lazy\" decoding=\"async\" width=\"300\" height=\"50\" src=\"https:\/\/buragaleria.hu\/wp-content\/uploads\/2026\/01\/Autonomia_logo-300x50.jpg\" alt=\"\" class=\"wp-image-537\" style=\"width:19vw\" srcset=\"https:\/\/buragaleria.hu\/wp-content\/uploads\/2026\/01\/Autonomia_logo-300x50.jpg 300w, https:\/\/buragaleria.hu\/wp-content\/uploads\/2026\/01\/Autonomia_logo-1024x172.jpg 1024w, https:\/\/buragaleria.hu\/wp-content\/uploads\/2026\/01\/Autonomia_logo-18x3.jpg 18w\" sizes=\"auto, (max-width: 300px) 100vw, 300px\" \/><\/figure>\n\n\n\n<figure class=\"wp-block-image size-medium is-resized\" style=\"float:left;margin-right:1vw\"><img loading=\"lazy\" decoding=\"async\" width=\"300\" height=\"75\" src=\"https:\/\/buragaleria.hu\/wp-content\/uploads\/2026\/01\/EU_logo-300x75.png\" alt=\"\" class=\"wp-image-539\" style=\"width:19vw\" srcset=\"https:\/\/buragaleria.hu\/wp-content\/uploads\/2026\/01\/EU_logo-300x75.png 300w, https:\/\/buragaleria.hu\/wp-content\/uploads\/2026\/01\/EU_logo-1024x257.png 1024w, https:\/\/buragaleria.hu\/wp-content\/uploads\/2026\/01\/EU_logo-18x5.png 18w\" sizes=\"auto, (max-width: 300px) 100vw, 300px\" \/><\/figure>\n\n\n\n<figure class=\"wp-block-image size-medium is-resized\" style=\"float:left;margin-right:1vw\"><img loading=\"lazy\" decoding=\"async\" width=\"300\" height=\"111\" src=\"https:\/\/buragaleria.hu\/wp-content\/uploads\/2026\/01\/ROVA_logo-300x111.png\" alt=\"\" class=\"wp-image-538\" style=\"width:19vw\" srcset=\"https:\/\/buragaleria.hu\/wp-content\/uploads\/2026\/01\/ROVA_logo-300x111.png 300w, https:\/\/buragaleria.hu\/wp-content\/uploads\/2026\/01\/ROVA_logo-18x7.png 18w, https:\/\/buragaleria.hu\/wp-content\/uploads\/2026\/01\/ROVA_logo.png 360w\" sizes=\"auto, (max-width: 300px) 100vw, 300px\" \/><\/figure>\n\n\n\n<figure class=\"wp-block-image size-medium is-resized\" style=\"float:left;margin-right:1vw\"><img loading=\"lazy\" decoding=\"async\" width=\"300\" height=\"116\" src=\"https:\/\/buragaleria.hu\/wp-content\/uploads\/2026\/01\/EVZ-Foundation_logo-300x116.png\" alt=\"\" class=\"wp-image-540\" style=\"width:19vw\" srcset=\"https:\/\/buragaleria.hu\/wp-content\/uploads\/2026\/01\/EVZ-Foundation_logo-300x116.png 300w, https:\/\/buragaleria.hu\/wp-content\/uploads\/2026\/01\/EVZ-Foundation_logo-18x7.png 18w, https:\/\/buragaleria.hu\/wp-content\/uploads\/2026\/01\/EVZ-Foundation_logo.png 361w\" sizes=\"auto, (max-width: 300px) 100vw, 300px\" \/><\/figure>\n\n\n\n<p><\/p>","protected":false},"excerpt":{"rendered":"<p>\u00c1LARCOK&nbsp;WORKSHOP K\u00e9t h\u00e9tv\u00e9g\u00e9s t\u00e1rsadalomkritikai m\u0171v\u00e9szeti workshop&nbsp;a Bura Gal\u00e9ria m\u0171v\u00e9szeivel A diszkrimin\u00e1ci\u00f3 k\u00f6vetkezt\u00e9ben sok roma fiatal \u00fagy&nbsp;\u00e9rzi, nincs val\u00f3di helye a k\u00f6z\u00e9letben, hangja kev\u00e9ss\u00e9&nbsp;hallhat\u00f3, v\u00e9lem\u00e9nye nem sz\u00e1m\u00edt. A program c\u00e9lja a k\u00f6z\u00e9leti r\u00e9szv\u00e9tel fogalm\u00e1nak \u00fajradefini\u00e1l\u00e1sa: olyan&nbsp;\u00f6nreprezent\u00e1ci\u00f3s lehet\u0151s\u00e9gek megteremt\u00e9se, amelyekben a r\u00e9sztvev\u0151k saj\u00e1t hangjukat, szerep\u00fcket&nbsp;\u00e9s jelenl\u00e9t\u00fcket er\u0151s\u00edthetik a t\u00e1rsadalmi p\u00e1rbesz\u00e9dben&nbsp;\u00e9s a d\u00f6nt\u00e9shozatali folyamatokhoz kapcsol\u00f3d\u00f3 diskurzusokban. A workshop [&hellip;]<\/p>\n<p><a href=\"https:\/\/buragaleria.hu\/en\/rova-2026\/\" class=\"more\">see more<\/a><\/p>","protected":false},"author":1,"featured_media":546,"parent":0,"menu_order":0,"comment_status":"closed","ping_status":"closed","template":"page-bura.php","meta":{"_acf_changed":false,"footnotes":""},"class_list":["post-542","page","type-page","status-publish","has-post-thumbnail","hentry"],"acf":[],"yoast_head":"<!-- This site is optimized with the Yoast SEO Premium plugin v26.2 (Yoast SEO v26.5) - https:\/\/yoast.com\/wordpress\/plugins\/seo\/ -->\n<title>ROVA 2026 - Bura Gal\u00e9ria<\/title>\n<meta name=\"description\" content=\"A workshop m\u0171v\u00e9szeti\u00a0\u00e9s eduk\u00e1ci\u00f3s esem\u00e9nyeken kereszt\u00fcl hoz l\u00e9tre k\u00f6z\u00f6ss\u00e9gi\u00a0\u00e9lm\u00e9nyeket, amelyek a k\u00f6z\u00e9leti szerepv\u00e1llal\u00e1st \u00faj, pozit\u00edv jelent\u00e9ssel t\u00f6ltik meg.\" \/>\n<meta name=\"robots\" content=\"index, follow, max-snippet:-1, max-image-preview:large, max-video-preview:-1\" \/>\n<link rel=\"canonical\" href=\"https:\/\/buragaleria.hu\/en\/rova-2026\/\" \/>\n<meta property=\"og:locale\" content=\"en_GB\" \/>\n<meta property=\"og:type\" content=\"article\" \/>\n<meta property=\"og:title\" content=\"ROVA 2026\" \/>\n<meta property=\"og:description\" content=\"A workshop m\u0171v\u00e9szeti\u00a0\u00e9s eduk\u00e1ci\u00f3s esem\u00e9nyeken kereszt\u00fcl hoz l\u00e9tre k\u00f6z\u00f6ss\u00e9gi\u00a0\u00e9lm\u00e9nyeket, amelyek a k\u00f6z\u00e9leti szerepv\u00e1llal\u00e1st \u00faj, pozit\u00edv jelent\u00e9ssel t\u00f6ltik meg.\" \/>\n<meta property=\"og:url\" content=\"https:\/\/buragaleria.hu\/en\/rova-2026\/\" \/>\n<meta property=\"og:site_name\" content=\"Bura Gal\u00e9ria\" \/>\n<meta property=\"article:modified_time\" content=\"2026-02-07T07:16:34+00:00\" \/>\n<meta property=\"og:image\" content=\"https:\/\/buragaleria.hu\/wp-content\/uploads\/2026\/01\/alarcok.jpg\" \/>\n\t<meta property=\"og:image:width\" content=\"974\" \/>\n\t<meta property=\"og:image:height\" content=\"138\" \/>\n\t<meta property=\"og:image:type\" content=\"image\/jpeg\" \/>\n<meta name=\"twitter:card\" content=\"summary_large_image\" \/>\n<meta name=\"twitter:label1\" content=\"Estimated reading time\" \/>\n\t<meta name=\"twitter:data1\" content=\"5 minutes\" \/>\n<script type=\"application\/ld+json\" class=\"yoast-schema-graph\">{\"@context\":\"https:\/\/schema.org\",\"@graph\":[{\"@type\":\"WebPage\",\"@id\":\"https:\/\/buragaleria.hu\/rova-2026\/\",\"url\":\"https:\/\/buragaleria.hu\/rova-2026\/\",\"name\":\"ROVA 2026 - Bura Gal\u00e9ria\",\"isPartOf\":{\"@id\":\"https:\/\/buragaleria.hu\/#website\"},\"primaryImageOfPage\":{\"@id\":\"https:\/\/buragaleria.hu\/rova-2026\/#primaryimage\"},\"image\":{\"@id\":\"https:\/\/buragaleria.hu\/rova-2026\/#primaryimage\"},\"thumbnailUrl\":\"https:\/\/buragaleria.hu\/wp-content\/uploads\/2026\/01\/alarcok.jpg\",\"datePublished\":\"2026-01-19T18:14:12+00:00\",\"dateModified\":\"2026-02-07T07:16:34+00:00\",\"description\":\"A workshop m\u0171v\u00e9szeti\u00a0\u00e9s eduk\u00e1ci\u00f3s esem\u00e9nyeken kereszt\u00fcl hoz l\u00e9tre k\u00f6z\u00f6ss\u00e9gi\u00a0\u00e9lm\u00e9nyeket, amelyek a k\u00f6z\u00e9leti szerepv\u00e1llal\u00e1st \u00faj, pozit\u00edv jelent\u00e9ssel t\u00f6ltik meg.\",\"breadcrumb\":{\"@id\":\"https:\/\/buragaleria.hu\/rova-2026\/#breadcrumb\"},\"inLanguage\":\"en-GB\",\"potentialAction\":[{\"@type\":\"ReadAction\",\"target\":[\"https:\/\/buragaleria.hu\/rova-2026\/\"]}]},{\"@type\":\"ImageObject\",\"inLanguage\":\"en-GB\",\"@id\":\"https:\/\/buragaleria.hu\/rova-2026\/#primaryimage\",\"url\":\"https:\/\/buragaleria.hu\/wp-content\/uploads\/2026\/01\/alarcok.jpg\",\"contentUrl\":\"https:\/\/buragaleria.hu\/wp-content\/uploads\/2026\/01\/alarcok.jpg\",\"width\":974,\"height\":138},{\"@type\":\"BreadcrumbList\",\"@id\":\"https:\/\/buragaleria.hu\/rova-2026\/#breadcrumb\",\"itemListElement\":[{\"@type\":\"ListItem\",\"position\":1,\"name\":\"Kezd\u0151lap\",\"item\":\"https:\/\/buragaleria.hu\/\"},{\"@type\":\"ListItem\",\"position\":2,\"name\":\"ROVA 2026\"}]},{\"@type\":\"WebSite\",\"@id\":\"https:\/\/buragaleria.hu\/#website\",\"url\":\"https:\/\/buragaleria.hu\/\",\"name\":\"Bura Gal\u00e9ria\",\"description\":\"\",\"publisher\":{\"@id\":\"https:\/\/buragaleria.hu\/#organization\"},\"potentialAction\":[{\"@type\":\"SearchAction\",\"target\":{\"@type\":\"EntryPoint\",\"urlTemplate\":\"https:\/\/buragaleria.hu\/?s={search_term_string}\"},\"query-input\":{\"@type\":\"PropertyValueSpecification\",\"valueRequired\":true,\"valueName\":\"search_term_string\"}}],\"inLanguage\":\"en-GB\"},{\"@type\":\"Organization\",\"@id\":\"https:\/\/buragaleria.hu\/#organization\",\"name\":\"Bura Gal\u00e9ria\",\"url\":\"https:\/\/buragaleria.hu\/\",\"logo\":{\"@type\":\"ImageObject\",\"inLanguage\":\"en-GB\",\"@id\":\"https:\/\/buragaleria.hu\/#\/schema\/logo\/image\/\",\"url\":\"https:\/\/buragaleria.hu\/wp-content\/uploads\/2025\/12\/cropped-BURAGALERIA-LOGO-PNG-1.png\",\"contentUrl\":\"https:\/\/buragaleria.hu\/wp-content\/uploads\/2025\/12\/cropped-BURAGALERIA-LOGO-PNG-1.png\",\"width\":224,\"height\":224,\"caption\":\"Bura Gal\u00e9ria\"},\"image\":{\"@id\":\"https:\/\/buragaleria.hu\/#\/schema\/logo\/image\/\"}}]}<\/script>\n<!-- \/ Yoast SEO Premium plugin. -->","yoast_head_json":{"title":"ROVA 2026 - Bura Gal\u00e9ria","description":"A workshop m\u0171v\u00e9szeti\u00a0\u00e9s eduk\u00e1ci\u00f3s esem\u00e9nyeken kereszt\u00fcl hoz l\u00e9tre k\u00f6z\u00f6ss\u00e9gi\u00a0\u00e9lm\u00e9nyeket, amelyek a k\u00f6z\u00e9leti szerepv\u00e1llal\u00e1st \u00faj, pozit\u00edv jelent\u00e9ssel t\u00f6ltik meg.","robots":{"index":"index","follow":"follow","max-snippet":"max-snippet:-1","max-image-preview":"max-image-preview:large","max-video-preview":"max-video-preview:-1"},"canonical":"https:\/\/buragaleria.hu\/en\/rova-2026\/","og_locale":"en_GB","og_type":"article","og_title":"ROVA 2026","og_description":"A workshop m\u0171v\u00e9szeti\u00a0\u00e9s eduk\u00e1ci\u00f3s esem\u00e9nyeken kereszt\u00fcl hoz l\u00e9tre k\u00f6z\u00f6ss\u00e9gi\u00a0\u00e9lm\u00e9nyeket, amelyek a k\u00f6z\u00e9leti szerepv\u00e1llal\u00e1st \u00faj, pozit\u00edv jelent\u00e9ssel t\u00f6ltik meg.","og_url":"https:\/\/buragaleria.hu\/en\/rova-2026\/","og_site_name":"Bura Gal\u00e9ria","article_modified_time":"2026-02-07T07:16:34+00:00","og_image":[{"width":974,"height":138,"url":"https:\/\/buragaleria.hu\/wp-content\/uploads\/2026\/01\/alarcok.jpg","type":"image\/jpeg"}],"twitter_card":"summary_large_image","twitter_misc":{"Estimated reading time":"5 minutes"},"schema":{"@context":"https:\/\/schema.org","@graph":[{"@type":"WebPage","@id":"https:\/\/buragaleria.hu\/rova-2026\/","url":"https:\/\/buragaleria.hu\/rova-2026\/","name":"ROVA 2026 - Bura Gal\u00e9ria","isPartOf":{"@id":"https:\/\/buragaleria.hu\/#website"},"primaryImageOfPage":{"@id":"https:\/\/buragaleria.hu\/rova-2026\/#primaryimage"},"image":{"@id":"https:\/\/buragaleria.hu\/rova-2026\/#primaryimage"},"thumbnailUrl":"https:\/\/buragaleria.hu\/wp-content\/uploads\/2026\/01\/alarcok.jpg","datePublished":"2026-01-19T18:14:12+00:00","dateModified":"2026-02-07T07:16:34+00:00","description":"A workshop m\u0171v\u00e9szeti\u00a0\u00e9s eduk\u00e1ci\u00f3s esem\u00e9nyeken kereszt\u00fcl hoz l\u00e9tre k\u00f6z\u00f6ss\u00e9gi\u00a0\u00e9lm\u00e9nyeket, amelyek a k\u00f6z\u00e9leti szerepv\u00e1llal\u00e1st \u00faj, pozit\u00edv jelent\u00e9ssel t\u00f6ltik meg.","breadcrumb":{"@id":"https:\/\/buragaleria.hu\/rova-2026\/#breadcrumb"},"inLanguage":"en-GB","potentialAction":[{"@type":"ReadAction","target":["https:\/\/buragaleria.hu\/rova-2026\/"]}]},{"@type":"ImageObject","inLanguage":"en-GB","@id":"https:\/\/buragaleria.hu\/rova-2026\/#primaryimage","url":"https:\/\/buragaleria.hu\/wp-content\/uploads\/2026\/01\/alarcok.jpg","contentUrl":"https:\/\/buragaleria.hu\/wp-content\/uploads\/2026\/01\/alarcok.jpg","width":974,"height":138},{"@type":"BreadcrumbList","@id":"https:\/\/buragaleria.hu\/rova-2026\/#breadcrumb","itemListElement":[{"@type":"ListItem","position":1,"name":"Kezd\u0151lap","item":"https:\/\/buragaleria.hu\/"},{"@type":"ListItem","position":2,"name":"ROVA 2026"}]},{"@type":"WebSite","@id":"https:\/\/buragaleria.hu\/#website","url":"https:\/\/buragaleria.hu\/","name":"Bura Gal\u00e9ria","description":"","publisher":{"@id":"https:\/\/buragaleria.hu\/#organization"},"potentialAction":[{"@type":"SearchAction","target":{"@type":"EntryPoint","urlTemplate":"https:\/\/buragaleria.hu\/?s={search_term_string}"},"query-input":{"@type":"PropertyValueSpecification","valueRequired":true,"valueName":"search_term_string"}}],"inLanguage":"en-GB"},{"@type":"Organization","@id":"https:\/\/buragaleria.hu\/#organization","name":"Bura Gal\u00e9ria","url":"https:\/\/buragaleria.hu\/","logo":{"@type":"ImageObject","inLanguage":"en-GB","@id":"https:\/\/buragaleria.hu\/#\/schema\/logo\/image\/","url":"https:\/\/buragaleria.hu\/wp-content\/uploads\/2025\/12\/cropped-BURAGALERIA-LOGO-PNG-1.png","contentUrl":"https:\/\/buragaleria.hu\/wp-content\/uploads\/2025\/12\/cropped-BURAGALERIA-LOGO-PNG-1.png","width":224,"height":224,"caption":"Bura Gal\u00e9ria"},"image":{"@id":"https:\/\/buragaleria.hu\/#\/schema\/logo\/image\/"}}]}},"_links":{"self":[{"href":"https:\/\/buragaleria.hu\/en\/wp-json\/wp\/v2\/pages\/542","targetHints":{"allow":["GET"]}}],"collection":[{"href":"https:\/\/buragaleria.hu\/en\/wp-json\/wp\/v2\/pages"}],"about":[{"href":"https:\/\/buragaleria.hu\/en\/wp-json\/wp\/v2\/types\/page"}],"author":[{"embeddable":true,"href":"https:\/\/buragaleria.hu\/en\/wp-json\/wp\/v2\/users\/1"}],"replies":[{"embeddable":true,"href":"https:\/\/buragaleria.hu\/en\/wp-json\/wp\/v2\/comments?post=542"}],"version-history":[{"count":15,"href":"https:\/\/buragaleria.hu\/en\/wp-json\/wp\/v2\/pages\/542\/revisions"}],"predecessor-version":[{"id":1002,"href":"https:\/\/buragaleria.hu\/en\/wp-json\/wp\/v2\/pages\/542\/revisions\/1002"}],"wp:featuredmedia":[{"embeddable":true,"href":"https:\/\/buragaleria.hu\/en\/wp-json\/wp\/v2\/media\/546"}],"wp:attachment":[{"href":"https:\/\/buragaleria.hu\/en\/wp-json\/wp\/v2\/media?parent=542"}],"curies":[{"name":"wp","href":"https:\/\/api.w.org\/{rel}","templated":true}]}}